{"id":971,"date":"2021-12-08T10:20:54","date_gmt":"2021-12-08T10:20:54","guid":{"rendered":"https:\/\/nytt.hvest.is\/?page_id=971"},"modified":"2025-10-29T11:05:16","modified_gmt":"2025-10-29T11:05:16","slug":"faedingardeild","status":"publish","type":"page","link":"https:\/\/hvest.is\/pl\/thjonusta\/faedingardeild\/","title":{"rendered":"Oddzia\u0142 macierzy\u0144ski"},"content":{"rendered":"<p>W Centrum Zdrowia Vestfj\u00f6r\u00f0ur w \u00cdsafj\u00f6r\u00f0ur kobietom zapewnia si\u0119 sta\u0142\u0105 opiek\u0119 po\u0142o\u017cnicz\u0105 w zakresie opieki nad ci\u0105\u017c\u0105, porodem i po\u0142ogiem. Mo\u017cesz r\u00f3wnie\u017c skonsultowa\u0107 si\u0119 z po\u0142o\u017cn\u0105 w zwi\u0105zku z karmieniem piersi\u0105 od urodzenia i przez ca\u0142y okres karmienia piersi\u0105. Nacisk k\u0142adziony jest na jako\u015b\u0107 i indywidualn\u0105 obs\u0142ug\u0119, a wyposa\u017cenie oddzia\u0142u po\u0142o\u017cniczego pozwala nam zaoferowa\u0107 poczucie wsp\u00f3lnoty obojga rodzic\u00f3w i dziecka w pierwszych dniach po porodzie.<\/p>\n\n\n\n<p>Oddzia\u0142 porodowy dysponuje przestronn\u0105 sal\u0105 porodow\u0105 z wann\u0105, prysznicem i toalet\u0105. Oddzia\u0142 posiada r\u00f3wnie\u017c dwie przytulne sypialnie z podw\u00f3jnymi \u0142\u00f3\u017ckami oraz jeden mniejszy pok\u00f3j dzienny z pojedynczym \u0142\u00f3\u017ckiem. Do dyspozycji Go\u015bci jest r\u00f3wnie\u017c salon, ma\u0142y pok\u00f3j dzieci\u0119cy oraz toaleta z prysznicem.<\/p>\n\n\n\n<p>Ka\u017cdego roku w \u00cdsafj\u00f6r\u00f0ur oko\u0142o 40-60 kobiet jest chronionych przed ci\u0105\u017c\u0105. Oddzia\u0142 po\u0142o\u017cniczy przyjmuje rocznie oko\u0142o 30-40 dzieci. Kobiety, kt\u00f3re cierpi\u0105 z powodu komplikacji podczas ci\u0105\u017cy lub cierpi\u0105 na choroby wsp\u00f3\u0142istniej\u0105ce, s\u0105 r\u00f3wnie\u017c obj\u0119te opiek\u0105 ambulatoryjn\u0105 na oddziale po\u0142o\u017cniczym i \u015bci\u015ble wsp\u00f3\u0142pracuj\u0105 z LSH zajmuj\u0105cym si\u0119 ci\u0105\u017c\u0105 wysokiego ryzyka, je\u015bli jest to w\u0142a\u015bciwe.<\/p>\n\n\n\n<h3 class=\"wp-block-heading\">Wyb\u00f3r miejsca urodzenia<\/h3>\n\n\n\n<p>Tutaj mog\u0105 rodzi\u0107 wszystkie zdrowe kobiety z prawid\u0142ow\u0105 ci\u0105\u017c\u0105 pojedyncz\u0105 oraz kobiety z \u0142agodnymi powik\u0142aniami. Zdecydowana wi\u0119kszo\u015b\u0107 kobiet, kt\u00f3re przychodz\u0105 tu rodzi\u0107, mo\u017ce liczy\u0107 na to, \u017ce por\u00f3d przebiegnie normalnie. W razie potrzeby instytut nadal ma dost\u0119p do sali operacyjnej przez ca\u0142y dzie\u0144. W latach 2015-2020 przez cesarskie ci\u0119cie urodzi\u0142o si\u0119 blisko 121 dzieci TP2T, z czego jedna pi\u0105ta by\u0142a planowana z wyprzedzeniem.<\/p>\n\n\n\n<p>Zawsze s\u0105 tu kobiety, kt\u00f3re by\u0142y obj\u0119te ochron\u0105 przed ci\u0105\u017c\u0105 i z jakiego\u015b powodu potrzebuj\u0105 lub wol\u0105 rodzi\u0107 w innych miejscach. Zdecydowana wi\u0119kszo\u015b\u0107 z nich mo\u017ce le\u017ce\u0107 w swoich \u0142\u00f3\u017ckach na oddziale lub skorzysta\u0107 z us\u0142ug po\u0142o\u017cnej w domu i oczywi\u015bcie om\u00f3wi\u0107 te kwestie z po\u0142o\u017cn\u0105.<\/p>\n\n\n\n<h3 class=\"wp-block-heading\">Wsparcie podczas porodu<\/h3>\n\n\n\n<p>Wa\u017cne jest, aby rodz\u0105ce kobiety mia\u0142y dobre wsparcie ze strony swoich partner\u00f3w i\/lub innych krewnych, ale mog\u0142y te\u017c rodzi\u0107 bez przeszk\u00f3d w cichym otoczeniu. Kobiety s\u0105 zatem zach\u0119cane do wybierania wraz z nimi partner\u00f3w porodowych, kt\u00f3rym najbardziej ufaj\u0105, aby zapewni\u0107 wsparcie, ale zwraca si\u0119 uwag\u0119, \u017ce liczba widz\u00f3w podczas porodu rzadko jest korzystna.<\/p>\n\n\n\n<h3 class=\"wp-block-heading\">Wizyty na oddziale po\u0142o\u017cniczym<\/h3>\n\n\n\n<p>Bardzo wa\u017cne jest, aby matki mog\u0142y dobrze wypocz\u0105\u0107 po porodzie, aby \u015bwie\u017co upieczeni rodzice i rodze\u0144stwo mieli prywatno\u015b\u0107, aby nawi\u0105za\u0107 wi\u0119\u017a z noworodkiem, a tak\u017ce aby matki mia\u0142y wystarczaj\u0105co du\u017co czasu na rozpocz\u0119cie karmienia piersi\u0105. W zwi\u0105zku z tym prosimy o ograniczenie wizyt w zak\u0142adach pikowania do minimum i zaznaczenie, \u017ce s\u0105 one przeznaczone wy\u0142\u0105cznie dla krewnych. Wszystkich odwiedzaj\u0105cych zach\u0119ca si\u0119 do dok\u0142adnego umycia r\u0105k przed przywitaniem si\u0119 z pikuj\u0105cymi, a ze wzgl\u0119du na ryzyko infekcji odradza si\u0119 wizyty dzieci poni\u017cej 12 roku \u017cycia, innych ni\u017c rodze\u0144stwo.<\/p>\n\n\n\n<div class=\"wp-block-columns is-layout-flex wp-container-core-columns-is-layout-9d6595d7 wp-block-columns-is-layout-flex\">\n<div class=\"wp-block-column is-layout-flow wp-block-column-is-layout-flow\">\n<p class=\"has-ast-global-color-6-color has-ast-global-color-0-background-color has-text-color has-background\">Kierownikiem oddzia\u0142u po\u0142o\u017cniczego jest Krist\u00edn Greta Bjarnad\u00f3ttir. Inne sta\u0142e po\u0142o\u017cne to Linda Rut Sigr\u00ed\u00f0ard\u00f3ttir i Gu\u00f0r\u00fan Anna Valgeirsd\u00f3ttir. Mo\u017cna si\u0119 z nimi skontaktowa\u0107 w godzinach dziennych, dzwoni\u0105c pod numer g\u0142\u00f3wny plac\u00f3wki s\u0142u\u017cby zdrowia, <a href=\"telefon: +3544504500\">450 4500<\/a>. <br>W przypadku porodu lub innego nag\u0142ego wypadku mo\u017cesz skontaktowa\u0107 si\u0119 z po\u0142o\u017cn\u0105 na wezwanie <a href=\"tel:+3548607455\">860 7455<\/a>.<\/p>\n<\/div>\n<\/div>","protected":false},"excerpt":{"rendered":"<p>W Westfjords Health Centre w \u00cdsafj\u00f6r\u00f0ur kobietom oferowane s\u0105 ci\u0105g\u0142e us\u0142ugi po\u0142o\u017cnicze w zakresie opieki nad ci\u0105\u017c\u0105, porodem i poporodem. Po\u0142o\u017cne mo\u017cna r\u00f3wnie\u017c skonsultowa\u0107 w zwi\u0105zku z karmieniem piersi\u0105 od urodzenia. <a href=\"https:\/\/hvest.is\/pl\/thjonusta\/faedingardeild\/\">Wi\u0119cej &gt;<\/a><\/p>","protected":false},"author":4,"featured_media":0,"parent":107,"menu_order":0,"comment_status":"closed","ping_status":"closed","template":"","meta":{"_lmt_disableupdate":"no","_lmt_disable":"no","cybocfi_hide_featured_image":"","footnotes":""},"class_list":["post-971","page","type-page","status-publish","hentry"],"_links":{"self":[{"href":"https:\/\/hvest.is\/pl\/wp-json\/wp\/v2\/pages\/971","targetHints":{"allow":["GET"]}}],"collection":[{"href":"https:\/\/hvest.is\/pl\/wp-json\/wp\/v2\/pages"}],"about":[{"href":"https:\/\/hvest.is\/pl\/wp-json\/wp\/v2\/types\/page"}],"author":[{"embeddable":true,"href":"https:\/\/hvest.is\/pl\/wp-json\/wp\/v2\/users\/4"}],"replies":[{"embeddable":true,"href":"https:\/\/hvest.is\/pl\/wp-json\/wp\/v2\/comments?post=971"}],"version-history":[{"count":0,"href":"https:\/\/hvest.is\/pl\/wp-json\/wp\/v2\/pages\/971\/revisions"}],"up":[{"embeddable":true,"href":"https:\/\/hvest.is\/pl\/wp-json\/wp\/v2\/pages\/107"}],"wp:attachment":[{"href":"https:\/\/hvest.is\/pl\/wp-json\/wp\/v2\/media?parent=971"}],"curies":[{"name":"wp","href":"https:\/\/api.w.org\/{rel}","templated":true}]}}