{"id":833,"date":"2021-11-26T11:15:27","date_gmt":"2021-11-26T11:15:27","guid":{"rendered":"http:\/\/gyl.fi\/hvest\/?page_id=833"},"modified":"2023-01-23T11:31:39","modified_gmt":"2023-01-23T11:31:39","slug":"myndgreining","status":"publish","type":"page","link":"https:\/\/hvest.is\/pl\/thjonusta\/rannsoknir\/myndgreining\/","title":{"rendered":"Badania obrazowe"},"content":{"rendered":"<p>Na oddziale obrazowania szpitala w \u00cdsafj\u00f6r\u00f0ur wykonywane s\u0105 og\u00f3lne zdj\u0119cia rentgenowskie, tomografia komputerowa oraz elektrokardiogramy. W Patreksfj\u00f6r\u00f0ur przeprowadzane s\u0105 og\u00f3lne badania rentgenowskie. Badania rentgenowskie zawsze musz\u0105 mie\u0107 medyczne uzasadnienie i musz\u0105 by\u0107 przeprowadzane w zatwierdzony spos\u00f3b, tak aby promieniowanie by\u0142o jak najni\u017csze. Wtedy ryzyko zwi\u0105zane z promieniowaniem jest uzasadnione i gwarantuje si\u0119, \u017ce korzy\u015b\u0107 dla pacjenta przewy\u017csza ryzyko.<\/p>\n\n\n\n<p>Dawki promieniowania podawane pacjentom podczas tego samego badania rentgenowskiego mog\u0105 si\u0119 znacznie r\u00f3\u017cni\u0107, zar\u00f3wno mi\u0119dzy pacjentami, jak i mi\u0119dzy poszczeg\u00f3lnymi oddzia\u0142ami rentgenowskimi. Jednak cel jest wsz\u0119dzie taki sam; aby dawki promieniowania by\u0142y jak najni\u017csze.<\/p>\n\n\n\n<h2 class=\"has-text-align-left wp-block-heading\">Og\u00f3lne badania rentgenowskie<\/h2>\n\n\n\n<p>Zdj\u0119cie rentgenowskie s\u0142u\u017cy do robienia zdj\u0119\u0107 ko\u015bci cia\u0142a, brzucha lub p\u0142uc. Zwykle wykonuje si\u0119 2-4 zdj\u0119cia, ale ilo\u015b\u0107 zdj\u0119\u0107 zale\u017cy od obszaru bada\u0144.<\/p>\n\n\n\n<h3 class=\"has-text-align-left wp-block-heading\">Przygotowanie<\/h3>\n\n\n\n<p>Odzie\u017c i bi\u017cuteria, kt\u00f3re mog\u0105 zas\u0142ania\u0107 obszar cia\u0142a, kt\u00f3ry ma by\u0107 sfotografowany, musz\u0105 zosta\u0107 usuni\u0119te.<\/p>\n\n\n\n<h3 class=\"wp-block-heading\">Wykonanie<\/h3>\n\n\n\n<p>Wa\u017cne jest przestrzeganie zalece\u0144 radiologa, np. dotycz\u0105cych oddychania. W zale\u017cno\u015bci od obszaru, kt\u00f3ry ma by\u0107 obrazowany, b\u0119dziesz musia\u0142 usi\u0105\u015b\u0107, sta\u0107 lub le\u017ce\u0107 na \u0142awce egzaminacyjnej. Radiolog dostosowuje ci\u0119 i odsuwa si\u0119 na bok, aby zrobi\u0107 zdj\u0119cie, ale powodem, dla kt\u00f3rego radiolodzy robi\u0105 zdj\u0119cia codziennie, jest to, \u017ce ilo\u015b\u0107 promieniowania w og\u00f3lnych promieniach rentgenowskich nie jest niebezpieczna. Badanie rentgenowskie trwa ok. 10-20 minut.<\/p>\n\n\n\n<p>Ochrona przed promieniowaniem jest stosowana w miar\u0119 potrzeb, ale najwa\u017cniejsza ochrona polega na dok\u0142adnym i prawid\u0142owym sposobie pracy radiolog\u00f3w.<\/p>\n\n\n\n<h3 class=\"wp-block-heading\">wyniki<\/h3>\n\n\n\n<p>Wszystkie obrazy s\u0105 przesy\u0142ane do Domus Medica do czytania. Radiolodzy analizuj\u0105 obrazy i przesy\u0142aj\u0105 odpowied\u017a do lekarza, kt\u00f3ry zleci\u0142 badanie, kt\u00f3ry jest odpowiedzialny za poinformowanie pacjenta o wynikach.<\/p>\n\n\n\n<p>Odczyt zwykle trwa 1-2 dni, ale mo\u017cna zatrzyma\u0107 si\u0119 w recepcji i um\u00f3wi\u0107 si\u0119 na wizyt\u0119 u lekarza kilka dni po badaniu, aby uzyska\u0107 dost\u0119p do wynik\u00f3w.<\/p>\n\n\n\n<h3 class=\"wp-block-heading\">Dzieci poddawane badaniu rentgenowskiemu<\/h3>\n\n\n\n<p>Dzieci nie odczuwaj\u0105 tego, gdy wykonuje si\u0119 zdj\u0119cie rentgenowskie, ale wa\u017cne jest, aby dziecko nadal by\u0142o podczas jego wykonywania. Rodzice mog\u0105 przebywa\u0107 z dzie\u0107mi i cz\u0119sto musz\u0105 pom\u00f3c im pozosta\u0107 w ca\u0142kowitym bezruchu. Je\u015bli rodzic jest z dzieckiem, podczas obrazowania musi nosi\u0107 o\u0142owiany fartuch, aby chroni\u0107 si\u0119 przed niepotrzebnym promieniowaniem.<\/p>\n\n\n\n<div class=\"wp-block-columns is-layout-flex wp-container-core-columns-is-layout-9d6595d7 wp-block-columns-is-layout-flex\">\n<div class=\"wp-block-column is-layout-flow wp-block-column-is-layout-flow\" style=\"flex-basis:100%\">\n<div class=\"wp-block-columns is-layout-flex wp-container-core-columns-is-layout-9d6595d7 wp-block-columns-is-layout-flex\">\n<div class=\"wp-block-column is-layout-flow wp-block-column-is-layout-flow\">\n<figure class=\"wp-block-image size-large is-resized\"><img decoding=\"async\" src=\"https:\/\/hvest.is\/wp-content\/uploads\/2021\/12\/IMG-2190-1024x788.jpg\" alt=\"\" class=\"wp-image-1840\" width=\"571\" height=\"439\" srcset=\"https:\/\/hvest.is\/wp-content\/uploads\/2021\/12\/IMG-2190-200x154.jpg 200w, https:\/\/hvest.is\/wp-content\/uploads\/2021\/12\/IMG-2190-300x231.jpg 300w, https:\/\/hvest.is\/wp-content\/uploads\/2021\/12\/IMG-2190-400x308.jpg 400w, https:\/\/hvest.is\/wp-content\/uploads\/2021\/12\/IMG-2190-600x462.jpg 600w, https:\/\/hvest.is\/wp-content\/uploads\/2021\/12\/IMG-2190-768x591.jpg 768w, https:\/\/hvest.is\/wp-content\/uploads\/2021\/12\/IMG-2190-800x616.jpg 800w, https:\/\/hvest.is\/wp-content\/uploads\/2021\/12\/IMG-2190-1024x788.jpg 1024w, https:\/\/hvest.is\/wp-content\/uploads\/2021\/12\/IMG-2190-1200x923.jpg 1200w, https:\/\/hvest.is\/wp-content\/uploads\/2021\/12\/IMG-2190-1536x1182.jpg 1536w\" sizes=\"(max-width: 571px) 100vw, 571px\" \/><figcaption class=\"wp-element-caption\"><em>Sprz\u0119t rentgenowski w Centrum Zdrowia Vestfj\u00f6r\u00f0ur, \u00cdsafj\u00f6r\u00f0ur<\/em><\/figcaption><\/figure>\n\n\n\n<div style=\"height:57px\" aria-hidden=\"true\" class=\"wp-block-spacer\"><\/div>\n<\/div>\n\n\n\n<div class=\"wp-block-column is-layout-flow wp-block-column-is-layout-flow\">\n<figure class=\"wp-block-image size-large is-resized\"><img decoding=\"async\" src=\"https:\/\/hvest.is\/wp-content\/uploads\/2021\/12\/IMG-2184-1024x770.jpg\" alt=\"\" class=\"wp-image-1839\" width=\"587\" height=\"441\" srcset=\"https:\/\/hvest.is\/wp-content\/uploads\/2021\/12\/IMG-2184-200x150.jpg 200w, https:\/\/hvest.is\/wp-content\/uploads\/2021\/12\/IMG-2184-300x226.jpg 300w, https:\/\/hvest.is\/wp-content\/uploads\/2021\/12\/IMG-2184-400x301.jpg 400w, https:\/\/hvest.is\/wp-content\/uploads\/2021\/12\/IMG-2184-600x451.jpg 600w, https:\/\/hvest.is\/wp-content\/uploads\/2021\/12\/IMG-2184-768x578.jpg 768w, https:\/\/hvest.is\/wp-content\/uploads\/2021\/12\/IMG-2184-800x602.jpg 800w, https:\/\/hvest.is\/wp-content\/uploads\/2021\/12\/IMG-2184-1024x770.jpg 1024w, https:\/\/hvest.is\/wp-content\/uploads\/2021\/12\/IMG-2184-1200x902.jpg 1200w, https:\/\/hvest.is\/wp-content\/uploads\/2021\/12\/IMG-2184.jpg 1250w\" sizes=\"(max-width: 587px) 100vw, 587px\" \/><figcaption class=\"wp-element-caption\"><em>J\u00f3n BG J\u00f3nsson, lekarz,<\/em> <em>wraz z<\/em> <em>aparatu rentgenowskiego w Centrum Zdrowia Vestfj\u00f6r\u00f0ur, Patreksfj\u00f6r\u00f0ur<\/em><\/figcaption><\/figure>\n<\/div>\n<\/div>\n<\/div>\n<\/div>\n\n\n\n<h2 class=\"wp-block-heading\">Badania tomografii komputerowej<\/h2>\n\n\n\n<p>Zdj\u0119cie rentgenowskie s\u0142u\u017cy do uzyskiwania obraz\u00f3w przekroj\u00f3w poprzecznych narz\u0105d\u00f3w, uk\u0142ad\u00f3w narz\u0105d\u00f3w lub okre\u015blonych cz\u0119\u015bci cia\u0142a. Dzi\u0119ki tomografii komputerowej mo\u017cna uzyska\u0107 szczeg\u00f3\u0142owe informacje o stanie narz\u0105d\u00f3w i naczy\u0144 krwiono\u015bnych oraz ich po\u0142o\u017ceniu, a tak\u017ce wykry\u0107 z\u0142amania ko\u015bci, kt\u00f3rych nie wida\u0107 na og\u00f3lnym zdj\u0119ciu rentgenowskim.<\/p>\n\n\n\n<h3 class=\"wp-block-heading\">Przygotowanie<\/h3>\n\n\n\n<p>Przygotowanie tomografii komputerowej zale\u017cy od obszaru, kt\u00f3ry ma by\u0107 obrazowany, i przyczyny badania. Odzie\u017c nale\u017cy zdj\u0105\u0107, je\u015bli w odzie\u017cy, bi\u017cuterii i innych akcesoriach znajduj\u0105 si\u0119 metalowe lub metalowe nici, kt\u00f3re mog\u0105 zas\u0142ania\u0107 obszar obrazu lub powodowa\u0107 defekty obrazu.<\/p>\n\n\n\n<h3 class=\"wp-block-heading\">Wykonanie<\/h3>\n\n\n\n<p>Podczas badania musisz le\u017ce\u0107 na \u0142awce do bada\u0144, kt\u00f3ra powoli przesuwa si\u0119 w prz\u00f3d iw ty\u0142 do tomografu. Urz\u0105dzenie najbardziej przypomina du\u017cego p\u0105czka, wi\u0119c istnieje niewielkie prawdopodobie\u0144stwo, \u017ce poczujesz si\u0119 uwi\u0119ziony. Jeste\u015b przygotowany do badania, dlatego wa\u017cne jest, aby p\u00f3\u017aniej le\u017ce\u0107 ca\u0142kowicie nieruchomo. Czasami jodowy \u015brodek kontrastowy musi by\u0107 podany do\u017cylnie, a nast\u0119pnie instalowany jest cewnik. Tomografia komputerowa trwa zwykle oko\u0142o 10-20 minut.<\/p>\n\n\n\n<p><strong>Jodowy materia\u0142 kontrastowy<\/strong> podawany jest do\u017cylnie i s\u0142u\u017cy do rozr\u00f3\u017cniania narz\u0105d\u00f3w, oceny ich stanu oraz uwidocznienia naczy\u0144 krwiono\u015bnych na obrazie. To normalne uczucie ciep\u0142a w ciele p\u0142yn\u0105cego z gard\u0142a do p\u0119cherza, uczucie oddawania moczu i cz\u0119sto nieprzyjemny smak w ustach. Te reakcje s\u0105 normalne i szybko mijaj\u0105.<\/p>\n\n\n\n<p><strong>Nietolerancja lub reakcja alergiczna<\/strong> mo\u017ce wyst\u0105pi\u0107 podczas podawania jodowego \u015brodka kontrastowego. Je\u015bli masz stwierdzon\u0105 alergi\u0119 na \u015brodek kontrastowy, przed badaniem poinformuj o tym lekarza zlecaj\u0105cego badanie, recepcj\u0119 lub radiologa. Wa\u017cne jest wcze\u015bniejsze powiadomienie, aby mo\u017cna by\u0142o rozpocz\u0105\u0107 przygotowania na czas lub wybra\u0107 inn\u0105 metod\u0119 bada\u0144. Czasami badanie mo\u017cna wykona\u0107 bez \u015brodka kontrastowego lub z zastosowaniem lek\u00f3w przeciwalergicznych w tym samym czasie co badanie.<\/p>\n\n\n\n<p><strong>Cukrzyca<\/strong> na og\u00f3\u0142 nie wp\u0142ywa na tomografi\u0119 komputerow\u0105, ale osoby przyjmuj\u0105ce leki przeciwcukrzycowe r\u00f3wnie\u017c musz\u0105 nas o tym poinformowa\u0107. Mo\u017ce by\u0107 konieczne czasowe przerwanie przyjmowania lek\u00f3w.<\/p>\n\n\n\n<p>Nale\u017cy pami\u0119ta\u0107 o piciu du\u017cej ilo\u015bci wody po badaniu z kontrastem.<\/p>\n\n\n\n<h3 class=\"wp-block-heading\">wyniki<\/h3>\n\n\n\n<p>Wszystkie obrazy s\u0105 przesy\u0142ane do Domus Medica do czytania. Radiolodzy analizuj\u0105 obrazy i przesy\u0142aj\u0105 odpowied\u017a do lekarza, kt\u00f3ry zleci\u0142 badanie, kt\u00f3ry jest odpowiedzialny za poinformowanie pacjenta o wynikach. Odczyt zwykle trwa 1-2 dni, ale mo\u017cna zatrzyma\u0107 si\u0119 w recepcji i um\u00f3wi\u0107 si\u0119 na wizyt\u0119 u lekarza kilka dni po badaniu, aby uzyska\u0107 dost\u0119p do wynik\u00f3w.<\/p>\n\n\n<div class=\"wp-block-image\">\n<figure class=\"aligncenter size-large is-resized\"><img decoding=\"async\" src=\"https:\/\/hvest.is\/wp-content\/uploads\/2021\/12\/IMG-2105-1-1024x866.jpg\" alt=\"\" class=\"wp-image-1375\" width=\"614\" height=\"519\" srcset=\"https:\/\/hvest.is\/wp-content\/uploads\/2021\/12\/IMG-2105-1-200x169.jpg 200w, https:\/\/hvest.is\/wp-content\/uploads\/2021\/12\/IMG-2105-1-300x254.jpg 300w, https:\/\/hvest.is\/wp-content\/uploads\/2021\/12\/IMG-2105-1-400x338.jpg 400w, https:\/\/hvest.is\/wp-content\/uploads\/2021\/12\/IMG-2105-1-600x508.jpg 600w, https:\/\/hvest.is\/wp-content\/uploads\/2021\/12\/IMG-2105-1-768x650.jpg 768w, https:\/\/hvest.is\/wp-content\/uploads\/2021\/12\/IMG-2105-1-800x677.jpg 800w, https:\/\/hvest.is\/wp-content\/uploads\/2021\/12\/IMG-2105-1-1024x866.jpg 1024w, https:\/\/hvest.is\/wp-content\/uploads\/2021\/12\/IMG-2105-1-1200x1015.jpg 1200w, https:\/\/hvest.is\/wp-content\/uploads\/2021\/12\/IMG-2105-1-1536x1299.jpg 1536w\" sizes=\"(max-width: 614px) 100vw, 614px\" \/><figcaption class=\"wp-element-caption\"><em>Tomograf komputerowy w Centrum Zdrowia Vestfj\u00f6r\u00f0ur, \u00cdsafj\u00f6r\u00f0ur<\/em><\/figcaption><\/figure>\n<\/div>\n\n\n<p><strong>Jeste\u015b w ci\u0105\u017cy? Daj nam zna\u0107!<\/strong><br>Je\u015bli pacjentka jest w ci\u0105\u017cy lub uwa\u017ca, \u017ce jest to mo\u017cliwe, wa\u017cne jest, aby przed badaniem poinformowa\u0107 o tym radiologa lub lekarza. Szczeg\u00f3lnej ostro\u017cno\u015bci wymagaj\u0105 kobiety w 8-15 tygodniu ci\u0105\u017cy ze wzgl\u0119du na mo\u017cliwy wp\u0142yw bada\u0144 na o\u015brodkowy uk\u0142ad nerwowy p\u0142odu. Unika si\u0119 fotografowania kobiet w ci\u0105\u017cy, chyba \u017ce jest to absolutnie konieczne, w takim przypadku szczeg\u00f3ln\u0105 uwag\u0119 zwraca si\u0119 na ochron\u0119 przed promieniowaniem.<\/p>\n\n\n\n<div class=\"wp-block-columns is-layout-flex wp-container-core-columns-is-layout-9d6595d7 wp-block-columns-is-layout-flex\">\n<div class=\"wp-block-column is-layout-flow wp-block-column-is-layout-flow\">\n<p class=\"has-ast-global-color-6-color has-ast-global-color-0-background-color has-text-color has-background\"><strong>Godziny otwarcia dzia\u0142u obrazowania<\/strong> <br>Radiolog jest dost\u0119pny od godz 08:00-15:00 ka\u017cdego dnia roboczego, ale pod telefonem poza godzinami pracy.<\/p>\n<\/div>\n\n\n\n<div class=\"wp-block-column is-layout-flow wp-block-column-is-layout-flow\">\n<p class=\"has-ast-global-color-6-color has-ast-global-color-0-background-color has-text-color has-background\"><strong>Spotkania<\/strong><br>Mo\u017cna um\u00f3wi\u0107 si\u0119 telefonicznie <a href=\"telefon: +3544504500\">450 4500<\/a> i poprosi\u0107 o kontakt z dzia\u0142em obrazowania. <\/p>\n<\/div>\n<\/div>","protected":false},"excerpt":{"rendered":"<p>Oddzia\u0142 obrazowania w szpitalu \u00cdsafj\u00f6r\u00f0ur wykonuje og\u00f3lne badania rentgenowskie, tomografi\u0119 komputerow\u0105, a tak\u017ce EKG. Og\u00f3lne badania rentgenowskie s\u0105 wykonywane w Patreksfj\u00f6r\u00f0ur. Badania rentgenowskie zawsze musz\u0105 mie\u0107 uzasadnienie medyczne i powinny by\u0107 wykonywane <a href=\"https:\/\/hvest.is\/pl\/thjonusta\/rannsoknir\/myndgreining\/\">Wi\u0119cej &gt;<\/a><\/p>","protected":false},"author":4,"featured_media":0,"parent":898,"menu_order":0,"comment_status":"closed","ping_status":"closed","template":"","meta":{"_lmt_disableupdate":"no","_lmt_disable":"no","cybocfi_hide_featured_image":"","footnotes":""},"class_list":["post-833","page","type-page","status-publish","hentry"],"_links":{"self":[{"href":"https:\/\/hvest.is\/pl\/wp-json\/wp\/v2\/pages\/833","targetHints":{"allow":["GET"]}}],"collection":[{"href":"https:\/\/hvest.is\/pl\/wp-json\/wp\/v2\/pages"}],"about":[{"href":"https:\/\/hvest.is\/pl\/wp-json\/wp\/v2\/types\/page"}],"author":[{"embeddable":true,"href":"https:\/\/hvest.is\/pl\/wp-json\/wp\/v2\/users\/4"}],"replies":[{"embeddable":true,"href":"https:\/\/hvest.is\/pl\/wp-json\/wp\/v2\/comments?post=833"}],"version-history":[{"count":0,"href":"https:\/\/hvest.is\/pl\/wp-json\/wp\/v2\/pages\/833\/revisions"}],"up":[{"embeddable":true,"href":"https:\/\/hvest.is\/pl\/wp-json\/wp\/v2\/pages\/898"}],"wp:attachment":[{"href":"https:\/\/hvest.is\/pl\/wp-json\/wp\/v2\/media?parent=833"}],"curies":[{"name":"wp","href":"https:\/\/api.w.org\/{rel}","templated":true}]}}