{"id":816,"date":"2021-11-18T14:35:30","date_gmt":"2021-11-18T14:35:30","guid":{"rendered":"http:\/\/gyl.fi\/hvest\/?page_id=816"},"modified":"2022-04-26T11:52:40","modified_gmt":"2022-04-26T11:52:40","slug":"maedravernd","status":"publish","type":"page","link":"https:\/\/hvest.is\/pl\/thjonusta\/maedravernd\/","title":{"rendered":"Opieka podczas ci\u0105\u017cy"},"content":{"rendered":"<p>W o\u015brodku opieki zdrowotnej \u00cdsafj\u00f6r\u00f0ur wszystkie kobiety w ci\u0105\u017cy s\u0105 zapraszane do po\u0142o\u017cnej w celu opieki matki w ci\u0105\u017cy, a pierwsze badanie zwykle przeprowadza si\u0119, gdy kobiety s\u0105 w oko\u0142o 10-12 tygodniu ci\u0105\u017cy.<\/p>\n\n\n\n<p>Opieka podczas ci\u0105\u017cy ma na celu wspieranie zdrowia matki i dziecka oraz edukacj\u0119 przysz\u0142ych rodzic\u00f3w. Jest to niezwykle wa\u017cne, poniewa\u017c cho\u0107 wi\u0119kszo\u015b\u0107 ci\u0105\u017c przebiega pomy\u015blnie, konieczne jest rozpoznanie ewentualnych odchyle\u0144 od normy, aby zapewni\u0107 jak najlepsze bezpiecze\u0144stwo matki i dziecka podczas ci\u0105\u017cy, porodu i po\u0142ogu. Zdecydowana wi\u0119kszo\u015b\u0107 kobiet przez ca\u0142y okres ci\u0105\u017cy mo\u017ce zg\u0142asza\u0107 si\u0119 na badania do poradni og\u00f3lnej, gdzie w razie potrzeby zaopiekuje si\u0119 nimi po\u0142o\u017cna we wsp\u00f3\u0142pracy z lekarzem. Z drugiej strony, je\u015bli istniej\u0105 podstawowe problemy lub problemy pojawiaj\u0105 si\u0119 podczas ci\u0105\u017cy, istnieje wsp\u00f3\u0142praca z ochron\u0105 ci\u0105\u017cy wysokiego ryzyka Landsp\u00edtali. Kobiety z ci\u0105\u017c\u0105 wysokiego ryzyka, kt\u00f3re mieszkaj\u0105 na tym obszarze, mog\u0105 zatem zazwyczaj by\u0107 tutaj w celu opieki w czasie ci\u0105\u017cy we wsp\u00f3\u0142pracy z Landsp\u00edtala.<\/p>\n\n\n\n<p>Zwykle w czasie ci\u0105\u017cy wykonuje si\u0119 7-10 bada\u0144, \u015brednio o oko\u0142o trzy badania wi\u0119cej dla kobiet, kt\u00f3re s\u0105 w ci\u0105\u017cy po raz pierwszy ni\u017c dla kobiet, kt\u00f3re wcze\u015bniej rodzi\u0142y. W badaniach mog\u0105 bra\u0107 udzia\u0142 ma\u0142\u017conkowie kobiet. W razie potrzeby liczb\u0119 bada\u0144 mo\u017cna zwi\u0119kszy\u0107, a je\u015bli kobiety martwi\u0105 si\u0119 czym\u015b szczeg\u00f3lnym w czasie ci\u0105\u017cy, zawsze mog\u0105 zadzwoni\u0107 na g\u0142\u00f3wny numer plac\u00f3wki s\u0142u\u017cby zdrowia <a href=\"telefon: +3544504500\">450 4500<\/a> i poprosi\u0107 o rozmow\u0119 z po\u0142o\u017cn\u0105.<\/p>\n\n\n\n<p>W nag\u0142ych przypadkach dost\u0119pny jest numer po\u0142o\u017cnej <a href=\"tel:+3548607455\">860 7455<\/a>. Mo\u017ce to by\u0107 na przyk\u0142ad krwawienie w czasie ci\u0105\u017cy, ograniczenie ruch\u00f3w lub silne i regularne skurcze na d\u0142ugo przed terminem porodu.<\/p>\n\n\n\n<h3 class=\"wp-block-heading\">Badania ultrasonograficzne<\/h3>\n\n\n\n<p>Wszystkie kobiety mog\u0105 wykona\u0107 badanie USG w 20 tygodniu ci\u0105\u017cy, podczas kt\u00f3rego systematycznie badane s\u0105 wszystkie narz\u0105dy dziecka. USG w drugiej po\u0142owie ci\u0105\u017cy jest zalecane tylko wtedy, gdy istniej\u0105 jakiekolwiek wskazania, takie jak podstawowe choroby matki lub oznaki wyj\u0105tkowo powolnego lub szybkiego wzrostu p\u0142odu. Takie badania ultrasonograficzne nie s\u0105 tutaj dost\u0119pne i kobiety musz\u0105 jecha\u0107 do Landsp\u00edtala, aby je wykona\u0107. W takim przypadku koszty podr\u00f3\u017cy matki s\u0105 pokrywane z ubezpieczenia zdrowotnego.<\/p>\n\n\n\n<p>Wiele kobiet decyduje si\u0119 r\u00f3wnie\u017c na USG w 11-14 tygodniu ci\u0105\u017cy. W tym czasie ci\u0105\u017cy niekt\u00f3rzy rodzice decyduj\u0105 si\u0119 na badanie p\u0142odu zwane zintegrowan\u0105 ocen\u0105 prawdopodobie\u0144stwa, w kt\u00f3rym ocenia si\u0119 prawdopodobie\u0144stwo wad chromosomalnych p\u0142odu. Badanie to sk\u0142ada si\u0119 z USG i badania krwi, a w przypadku stwierdzenia u dziecka zwi\u0119kszonego prawdopodobie\u0144stwa wyst\u0105pienia pewnych wad p\u0142odu proponuje badania kontrolne. Inni rodzice nie s\u0105 zainteresowani badaniami chromosom\u00f3w, ale nadal wol\u0105 wykona\u0107 USG w tym czasie ci\u0105\u017cy. Mo\u017cna wtedy uda\u0107 si\u0119 na USG, gdzie oceniana jest liczba p\u0142od\u00f3w, wiek ci\u0105\u017cowy oraz og\u00f3lny wygl\u0105d. Te ultrasonografie, niezale\u017cnie od tego, czy s\u0105 ze zintegrowan\u0105 ocen\u0105 prawdopodobie\u0144stwa, czy nie, s\u0105 uwa\u017cane za wyb\u00f3r rodzic\u00f3w i nie s\u0105 cz\u0119\u015bci\u0105 standardowej opieki nad ci\u0105\u017c\u0105 i nie s\u0105 bezp\u0142atne. Dlatego ubezpieczenie zdrowotne nie bierze udzia\u0142u w kosztach tych bada\u0144, chyba \u017ce jest to wskazanie medyczne.<\/p>\n\n\n\n<h3 class=\"wp-block-heading\">Edukacja<\/h3>\n\n\n\n<p>Pierwsze badanie w opiece po\u0142o\u017cniczej obejmuje og\u00f3ln\u0105 edukacj\u0119 na temat stylu \u017cycia i zdrowia w czasie ci\u0105\u017cy. W po\u0142owie ci\u0105\u017cy karmienie piersi\u0105 jest om\u00f3wione osobno. We wszystkich pogl\u0105dach kobiety s\u0105 zach\u0119cane do szukania porady lub wsparcia, je\u015bli maj\u0105 co\u015b na my\u015bli.<\/p>\n\n\n\n<p>W 34-36 tygodniu ci\u0105\u017cy wszystkie kobiety obj\u0119te opiek\u0105 po\u0142o\u017cnicz\u0105 proszone s\u0105 o wizyt\u0119 na oddziale po\u0142o\u017cniczym i om\u00f3wienie porodu. Szczeg\u00f3lnie mile widziani s\u0105 ma\u0142\u017conkowie. Edukacja rodzenia jest zapewniana niezale\u017cnie od tego, czy kobieta zamierza urodzi\u0107 tutaj, na \u00cdsafj\u00f6r\u00f0ur, czy gdzie indziej.<\/p>\n\n\n\n<p>Specjalistyczne kursy rodzenia, kursy karmienia piersi\u0105 czy inne kursy zwi\u0105zane z porodem lub wychowaniem nie by\u0142y tu dost\u0119pne w ostatnich latach, ale je\u015bli rodzic\u00f3w sta\u0107 na takie kursy, dost\u0119pnych jest wiele innych:<\/p>\n\n\n\n<div class=\"wp-block-columns is-layout-flex wp-container-core-columns-is-layout-9d6595d7 wp-block-columns-is-layout-flex\">\n<div class=\"wp-block-column is-layout-flow wp-block-column-is-layout-flow\" style=\"flex-basis:100%\">\n<ul class=\"wp-block-list\"><li><a href=\"https:\/\/9manudir.is\/index.php\/namskeid\/\">9 miesi\u0119cy<\/a> \u2013 r\u00f3wnie\u017c kursy j\u0119zyka angielskiego<\/li><li><a href=\"https:\/\/www.bjorkin.is\/namskeid\">Bj\u00f6rkin<\/a> \u2013 r\u00f3wnie\u017c kursy j\u0119zyka angielskiego<\/li><li><a href=\"https:\/\/www.faedingarheimilid.is\/namskeid\">Miejsce urodzenia Reykjav\u00edk<\/a> \u2013 tak\u017ce kursy j\u0119zyka angielskiego i polskiego<\/li><li><a href=\"https:\/\/www.heilsugaeslan.is\/default.aspx?pageid=9f281d30-cb8c-11e7-9427-005056bc2afe\">Opieka zdrowotna Regionu Sto\u0142ecznego<\/a> \u2013 r\u00f3wnie\u017c kursy j\u0119zyka angielskiego<\/li><li><a href=\"https:\/\/www.ljosmodirin.is\/\">Helg\u0119 Reynis<\/a><\/li><\/ul>\n<\/div>\n<\/div>\n\n\n\n<p>W internecie mo\u017cna znale\u017a\u0107 r\u00f3\u017cnego rodzaju informacje dotycz\u0105ce ci\u0105\u017cy i porodu, jednak trzeba zaznaczy\u0107, \u017ce nie wszystkie informacje s\u0105 r\u00f3wnie wiarygodne, a zagraniczne serwisy cz\u0119sto nie uwzgl\u0119dniaj\u0105 islandzkiego systemu opieki zdrowotnej. Oto kilka link\u00f3w, kt\u00f3re mog\u0105 by\u0107 przydatne:<\/p>\n\n\n\n<div class=\"wp-block-columns is-layout-flex wp-container-core-columns-is-layout-9d6595d7 wp-block-columns-is-layout-flex\">\n<div class=\"wp-block-column is-layout-flow wp-block-column-is-layout-flow\" style=\"flex-basis:100%\">\n<ul class=\"wp-block-list\"><li><a href=\"https:\/\/www.heilsuvera.is\/markhopar\/medganga-og-faeding\/\">O\u015brodek zdrowia - ci\u0105\u017ca i por\u00f3d<\/a><\/li><li><a href=\"https:\/\/www.ljosmodir.is\/\">ljosmodir.is<\/a><\/li><li><a href=\"https:\/\/www.heilsuvera.is\/efnisflokkar\/throskaferlid\/faeding\/val-a-faedingarstad\/\">Wyb\u00f3r miejsca urodzenia<\/a><\/li><\/ul>\n<\/div>\n<\/div>\n\n\n\n<p>Ciekawe strony na Instagramie dla przysz\u0142ych rodzic\u00f3w:<\/p>\n\n\n\n<div class=\"wp-block-columns is-layout-flex wp-container-core-columns-is-layout-9d6595d7 wp-block-columns-is-layout-flex\">\n<div class=\"wp-block-column is-layout-flow wp-block-column-is-layout-flow\" style=\"flex-basis:100%\">\n<ul class=\"wp-block-list\"><li><a href=\"https:\/\/www.instagram.com\/faedingarhandbokin\/\">Podr\u0119cznik porodu<\/a><\/li><li><a href=\"https:\/\/www.instagram.com\/helgareynisljosa\/\">Helg\u0119 Reynis<\/a><\/li><li><a href=\"https:\/\/www.instagram.com\/ljosmaedur\/\">Stowarzyszenie Po\u0142o\u017cnych<\/a><\/li><li><a href=\"https:\/\/www.instagram.com\/okfruman\/\">Okfruman<\/a><\/li><li><a href=\"https:\/\/www.instagram.com\/faedingarsogur_fedra\/\">Historie narodzin ojc\u00f3w<\/a><\/li><li><a href=\"https:\/\/www.instagram.com\/legvarpid\/\">Macica - podcast<\/a><\/li><li><a href=\"https:\/\/www.instagram.com\/modurafl\/\">moc matki<\/a><\/li><li><a href=\"https:\/\/www.instagram.com\/soffiadoula\/\">Soff\u00eda B\u00e6rings \u2013 doula i konsultantka rodzinna<\/a><\/li><li><a href=\"https:\/\/www.instagram.com\/thenakeddoula\/\">Naga doula<\/a><\/li><\/ul>\n<\/div>\n<\/div>\n\n\n\n<h3 class=\"wp-block-heading\">Inne informacje<\/h3>\n\n\n\n<p>Po\u0142o\u017cna w opiece po\u0142o\u017cniczej oferuje wsparcie w r\u00f3\u017cnych aspektach zdrowia psychicznego i fizycznego kobiet w ci\u0105\u017cy. Nierzadko zdarza si\u0119, \u017ce podczas ci\u0105\u017cy lub po porodzie pojawia si\u0119 stres psychiczny, a po\u0142o\u017cna mo\u017ce wtedy skierowa\u0107 kobiet\u0119 do psychologa lub lekarza, je\u015bli to konieczne. Poradnictwo socjalne jest r\u00f3wnie\u017c dost\u0119pne w \u00cdsafjar\u00f0arb\u00e6r dla tych kobiet, kt\u00f3re tego potrzebuj\u0105. Kobiety mog\u0105 albo uda\u0107 si\u0119 tam bezpo\u015brednio, albo po\u0142o\u017cna mo\u017ce po\u015bredniczy\u0107 w takiej us\u0142udze.<\/p>\n\n\n\n<p>Kobiety obcego pochodzenia maj\u0105 prawo do us\u0142ug t\u0142umacza, a po\u0142o\u017cna mo\u017ce r\u00f3wnie\u017c pe\u0142ni\u0107 rol\u0119 po\u015brednika.<\/p>\n\n\n\n<p>Je\u015bli kobiety maj\u0105 histori\u0119 traumy \u017cyciowej, konsekwencje czasami objawiaj\u0105 si\u0119 w czasie ci\u0105\u017cy i wa\u017cne jest, aby uzyska\u0107 odpowiednie wsparcie. Obecno\u015b\u0107 przemocy w zwi\u0105zkach intymnych stwarza jedno z najpowa\u017cniejszych zagro\u017ce\u0144, jakie mog\u0105 spotka\u0107 matk\u0119 i jej nienarodzone dziecko w trakcie i po ci\u0105\u017cy. Kobiety, kt\u00f3re do\u015bwiadczaj\u0105 przemocy w czasie ci\u0105\u017cy, czy to psychicznej, fizycznej czy seksualnej, s\u0105 zach\u0119cane do szukania pomocy. Po\u0142o\u017cna jest zawsze gotowa do pomocy kobietom, kt\u00f3re dozna\u0142y przemocy i jest zobowi\u0105zana do zachowania poufno\u015bci we wszystkich sprawach poruszanych w ramach opieki po\u0142o\u017cniczej, chyba \u017ce ustawa o ochronie dzieci stanowi inaczej. Mo\u017cesz tak\u017ce skontaktowa\u0107 si\u0119 bezpo\u015brednio z innymi podmiotami, takimi jak policja lub organizacje non-profit.<\/p>\n\n\n\n<div class=\"wp-block-columns is-layout-flex wp-container-core-columns-is-layout-9d6595d7 wp-block-columns-is-layout-flex\">\n<div class=\"wp-block-column is-layout-flow wp-block-column-is-layout-flow\" style=\"flex-basis:100%\">\n<ul class=\"wp-block-list\"><li><a href=\"https:\/\/stigamot.is\/\">Spotkanie \u015bcie\u017cki<\/a><\/li><li><a href=\"https:\/\/www.kvennaathvarf.is\/\">Schronienie dla kobiet<\/a><\/li><\/ul>\n<\/div>\n<\/div>","protected":false},"excerpt":{"rendered":"<p>W o\u015brodku opieki zdrowotnej \u00cdsafj\u00f6r\u00f0ur wszystkie kobiety w ci\u0105\u017cy s\u0105 zapraszane do po\u0142o\u017cnej w celu opieki matki w ci\u0105\u017cy, a pierwsze badanie zwykle przeprowadza si\u0119, gdy kobiety s\u0105 w oko\u0142o 10-12 tygodniu ci\u0105\u017cy. <a href=\"https:\/\/hvest.is\/pl\/thjonusta\/maedravernd\/\">Wi\u0119cej &gt;<\/a><\/p>","protected":false},"author":1,"featured_media":0,"parent":107,"menu_order":0,"comment_status":"closed","ping_status":"closed","template":"","meta":{"_lmt_disableupdate":"no","_lmt_disable":"no","cybocfi_hide_featured_image":"","footnotes":""},"class_list":["post-816","page","type-page","status-publish","hentry"],"_links":{"self":[{"href":"https:\/\/hvest.is\/pl\/wp-json\/wp\/v2\/pages\/816","targetHints":{"allow":["GET"]}}],"collection":[{"href":"https:\/\/hvest.is\/pl\/wp-json\/wp\/v2\/pages"}],"about":[{"href":"https:\/\/hvest.is\/pl\/wp-json\/wp\/v2\/types\/page"}],"author":[{"embeddable":true,"href":"https:\/\/hvest.is\/pl\/wp-json\/wp\/v2\/users\/1"}],"replies":[{"embeddable":true,"href":"https:\/\/hvest.is\/pl\/wp-json\/wp\/v2\/comments?post=816"}],"version-history":[{"count":0,"href":"https:\/\/hvest.is\/pl\/wp-json\/wp\/v2\/pages\/816\/revisions"}],"up":[{"embeddable":true,"href":"https:\/\/hvest.is\/pl\/wp-json\/wp\/v2\/pages\/107"}],"wp:attachment":[{"href":"https:\/\/hvest.is\/pl\/wp-json\/wp\/v2\/media?parent=816"}],"curies":[{"name":"wp","href":"https:\/\/api.w.org\/{rel}","templated":true}]}}