{"id":1123,"date":"2021-12-08T17:20:30","date_gmt":"2021-12-08T17:20:30","guid":{"rendered":"https:\/\/nytt.hvest.is\/?page_id=1123"},"modified":"2024-07-03T12:05:18","modified_gmt":"2024-07-03T12:05:18","slug":"flateyri","status":"publish","type":"page","link":"https:\/\/hvest.is\/pl\/starfsstodvar\/flateyri\/","title":{"rendered":"Flateyri"},"content":{"rendered":"<p>Piecz\u0119\u0107 opieki zdrowotnej znajduje si\u0119 w Gu\u00f0nab\u00fad, siedzibie zespo\u0142u ratunkowego S\u00e6bjargar. Us\u0142ugi medyczne udzielane s\u0105 raz w tygodniu i wymagaj\u0105 wcze\u015bniejszej rezerwacji poprzez <a href=\"https:\/\/www.heilsuvera.is\/\">Heilsuvera<\/a> lub telefonicznie<a href=\"telefon: +3544504500\"> 450 4500<\/a>.<\/p>\n\n\n\n<p>Sprzeda\u017c czynna jest w \u015brody w godzinach 13:00 \u2013 15:00<\/p>\n\n\n\n<p>Inne us\u0142ugi s\u0105 \u015bwiadczone w miar\u0119 potrzeb.<\/p>\n\n\n\n<p>Zadbana jest opieka domowa <a href=\"https:\/\/hvest.is\/pl\/thjonusta\/heimahjukrun\/\" data-type=\"page\" data-id=\"119\">jednostka opieki domowej<\/a> na \u00cdsafj\u00f6r\u00f0ur. <\/p>\n\n\n\n<p><\/p>\n\n\n\n<p><\/p>\n\n\n<div id=\"wpgmza_map_9\" class=\"wpgmza_map wpgmza-auto-left\" style=\"display:block;width:100%;height:600px;overflow:hidden;position:relative;\" data-map-id=\"9\" data-maps-engine=\"open-layers\" data-build-engine=\"atlas-novus\" data-shortcode-attributes=\"{&quot;id&quot;:&quot;9&quot;,&quot;zoom&quot;:false,&quot;width&quot;:false,&quot;height&quot;:false,&quot;marker&quot;:false,&quot;classname&quot;:false,&quot;mashup&quot;:false,&quot;mashup_ids&quot;:false,&quot;cat&quot;:false,&quot;type&quot;:&quot;default&quot;,&quot;parent_id&quot;:false,&quot;lat&quot;:false,&quot;lng&quot;:false,&quot;mark_center&quot;:false,&quot;enable_category&quot;:false,&quot;directions_from&quot;:false,&quot;directions_to&quot;:false,&quot;directions_waypoints&quot;:false,&quot;directions_auto&quot;:false,&quot;disable_vgm_form&quot;:false,&quot;redirect_to&quot;:false}\" data-settings=\"{&quot;map_title&quot;:&quot;Heilsug\\u00e6sluseli\\u00f0 Flateyri&quot;,&quot;map_width&quot;:&quot;100&quot;,&quot;map_height&quot;:&quot;600&quot;,&quot;map_start_lat&quot;:&quot;65.90965371542393&quot;,&quot;map_start_lng&quot;:&quot;-23.48339895531145&quot;,&quot;map_start_location&quot;:&quot;45.950464398418106,-109.81550500000003&quot;,&quot;map_start_zoom&quot;:&quot;10&quot;,&quot;default_marker&quot;:&quot;{\\&quot;url\\&quot;:\\&quot;\\&quot;,\\&quot;retina\\&quot;:true}&quot;,&quot;type&quot;:&quot;0&quot;,&quot;alignment&quot;:&quot;4&quot;,&quot;directions_enabled&quot;:&quot;0&quot;,&quot;styling_enabled&quot;:&quot;0&quot;,&quot;styling_json&quot;:&quot;&quot;,&quot;active&quot;:&quot;0&quot;,&quot;kml&quot;:&quot;&quot;,&quot;bicycle&quot;:&quot;0&quot;,&quot;traffic&quot;:&quot;0&quot;,&quot;dbox&quot;:&quot;1&quot;,&quot;dbox_width&quot;:&quot;&quot;,&quot;listmarkers&quot;:&quot;0&quot;,&quot;listmarkers_advanced&quot;:&quot;0&quot;,&quot;filterbycat&quot;:&quot;0&quot;,&quot;ugm_enabled&quot;:&quot;0&quot;,&quot;ugm_category_enabled&quot;:&quot;0&quot;,&quot;fusion&quot;:&quot;&quot;,&quot;map_width_type&quot;:&quot;%&quot;,&quot;map_height_type&quot;:&quot;px&quot;,&quot;mass_marker_support&quot;:&quot;0&quot;,&quot;ugm_access&quot;:&quot;0&quot;,&quot;order_markers_by&quot;:&quot;1&quot;,&quot;order_markers_choice&quot;:&quot;1&quot;,&quot;show_user_location&quot;:&quot;0&quot;,&quot;default_to&quot;:&quot;&quot;,&quot;map_type&quot;:1,&quot;sl_stroke_color&quot;:&quot;#000000&quot;,&quot;sl_fill_color&quot;:&quot;#000000&quot;,&quot;sl_stroke_opacity&quot;:&quot;&quot;,&quot;sl_fill_opacity&quot;:&quot;&quot;,&quot;transport_layer&quot;:false,&quot;action&quot;:&quot;wpgmza_save_map&quot;,&quot;redirect_to&quot;:&quot;\\\/wp-admin\\\/admin-post.php&quot;,&quot;map_id&quot;:&quot;9&quot;,&quot;http_referer&quot;:&quot;\\\/hvest\\\/wp-admin\\\/admin.php?page=wp-google-maps-menu&amp;amp;override=1&amp;amp;action=edit&amp;amp;map_id=1&quot;,&quot;wpgmza_id&quot;:&quot;1&quot;,&quot;wpgmza_start_location&quot;:&quot;65.90965371542393,-23.48339895531145&quot;,&quot;wpgmza_start_zoom&quot;:&quot;8&quot;,&quot;store_locator_enabled&quot;:false,&quot;store_locator_search_area&quot;:&quot;radial&quot;,&quot;wpgmza_store_locator_radius_style&quot;:&quot;legacy&quot;,&quot;wpgmza_store_locator_default_radius&quot;:&quot;10&quot;,&quot;store_locator_auto_area_max_zoom&quot;:&quot;&quot;,&quot;store_locator_distance&quot;:false,&quot;wpgmza_store_locator_position&quot;:false,&quot;store_locator_show_distance&quot;:false,&quot;store_locator_category&quot;:false,&quot;wpgmza_store_locator_use_their_location&quot;:false,&quot;wpgmza_store_locator_bounce&quot;:false,&quot;wpgmza_sl_animation&quot;:&quot;0&quot;,&quot;wpgmza_store_locator_hide_before_search&quot;:false,&quot;store_locator_query_string&quot;:&quot;&quot;,&quot;store_locator_default_address&quot;:&quot;&quot;,&quot;store_locator_name_search&quot;:false,&quot;store_locator_name_string&quot;:&quot;&quot;,&quot;store_locator_not_found_message&quot;:&quot;&quot;,&quot;wpgmza_map_align&quot;:&quot;1&quot;,&quot;jump_to_nearest_marker_on_initialization&quot;:false,&quot;automatically_pan_to_users_location&quot;:false,&quot;override_users_location_zoom_level&quot;:false,&quot;override_users_location_zoom_levels&quot;:&quot;&quot;,&quot;show_distance_from_location&quot;:false,&quot;map_max_zoom&quot;:&quot;21&quot;,&quot;map_min_zoom&quot;:&quot;0&quot;,&quot;click_open_link&quot;:false,&quot;fit_maps_bounds_to_markers&quot;:false,&quot;fit_maps_bounds_to_markers_after_filtering&quot;:false,&quot;hide_point_of_interest&quot;:false,&quot;wpgmza_zoom_on_marker_click&quot;:false,&quot;wpgmza_zoom_on_marker_click_slider&quot;:&quot;&quot;,&quot;close_infowindow_on_map_click&quot;:false,&quot;disable_lightbox_images&quot;:false,&quot;use_Raw_Jpeg_Coordinates&quot;:false,&quot;polygon_labels&quot;:false,&quot;disable_polygon_info_windows&quot;:false,&quot;enable_marker_ratings&quot;:false,&quot;only_load_markers_within_viewport&quot;:false,&quot;iw_primary_color&quot;:&quot;&quot;,&quot;iw_accent_color&quot;:&quot;&quot;,&quot;iw_text_color&quot;:&quot;&quot;,&quot;wpgmza_listmarkers_by&quot;:&quot;0&quot;,&quot;wpgmza_marker_listing_position&quot;:false,&quot;datatable_no_result_message&quot;:&quot;&quot;,&quot;remove_search_box_datables&quot;:false,&quot;dataTable_pagination_style&quot;:&quot;default&quot;,&quot;datatable_search_string&quot;:&quot;&quot;,&quot;datatable_result_start&quot;:&quot;&quot;,&quot;datatable_result_of&quot;:&quot;&quot;,&quot;datatable_result_to&quot;:&quot;&quot;,&quot;datatable_result_total&quot;:&quot;&quot;,&quot;datatable_result_show&quot;:&quot;&quot;,&quot;datatable_result_entries&quot;:&quot;&quot;,&quot;wpgmza_savemap&quot;:&quot;Save Map \\u00bb&quot;,&quot;shortcodeAttributes&quot;:{&quot;id&quot;:&quot;9&quot;},&quot;wpgmza_dbox_width_type&quot;:&quot;%&quot;,&quot;default_from&quot;:&quot;&quot;,&quot;directions_behaviour&quot;:&quot;default&quot;,&quot;force_google_directions_app&quot;:false,&quot;directions_route_origin_icon&quot;:&quot;http:\\\/\\\/gyl.fi\\\/hvest\\\/wp-content\\\/plugins\\\/wp-google-maps\\\/images\\\/spotlight-poi2.png&quot;,&quot;directions_origin_retina&quot;:false,&quot;directions_route_destination_icon&quot;:&quot;http:\\\/\\\/gyl.fi\\\/hvest\\\/wp-content\\\/plugins\\\/wp-google-maps\\\/images\\\/spotlight-poi2.png&quot;,&quot;directions_destination_retina&quot;:false,&quot;directions_route_stroke_color&quot;:&quot;#4f8df5&quot;,&quot;directions_route_stroke_weight&quot;:&quot;4&quot;,&quot;directions_route_stroke_opacity&quot;:&quot;0.8&quot;,&quot;directions_fit_bounds_to_route&quot;:false,&quot;wpgmza_store_locator_restrict&quot;:&quot;&quot;,&quot;upload_default_sl_marker&quot;:&quot;&quot;,&quot;retina&quot;:true,&quot;upload_default_ul_marker&quot;:&quot;&quot;,&quot;enable_advanced_custom_fields_integration&quot;:false,&quot;enable_toolset_woocommerce_integration&quot;:false,&quot;upload_default_sl_marker_retina&quot;:false,&quot;upload_default_ul_marker_retina&quot;:false,&quot;zoom_level_on_marker_listing_override&quot;:false,&quot;zoom_level_on_marker_listing_click&quot;:&quot;&quot;,&quot;store_locator_component_anchor&quot;:9,&quot;id&quot;:9}\" ><\/div>\n\n\n<h2 class=\"wp-block-heading\">S\u0142u\u017cba zdrowia we Flateyri: kr\u00f3tki przegl\u0105d<\/h2>\n\n\n\n<p>W republika\u0144skim roku 1944 wybudowano dom przy ulicy Eyrarvegi 8. Na pi\u0119trze mie\u015bci\u0142a si\u0119 rezydencja lekarska, a na dolnym przytu\u0142ek szpitalny, recepcja lekarska i apteka. Rezydencja medyczna zosta\u0142a przeniesiona w 1978 roku, a na pi\u0119trze, kt\u00f3re p\u00f3\u017aniej nazwano S\u00f3lborg, zainstalowano o\u015brodek starzenia \u00d6nfirdinga. Po otwarciu tunelu nast\u0105pi\u0142 pierwszy krok w procesie \u0142\u0105czenia plac\u00f3wek s\u0142u\u017cby zdrowia, kt\u00f3ry trwa\u0142 a\u017c do powstania Instytutu Zdrowia Vestfj\u00f6r\u00f0ur w obecnej formie w 2014 roku.<\/p>\n\n\n\n<p>Dom starc\u00f3w posiada\u0142 \u0142\u00f3\u017cka dla sze\u015bciu podopiecznych w domach jednorodzinnych, ale cho\u0107 zdarza\u0142o si\u0119, \u017ce by\u0142o ich nawet o\u015bmiu, to ich liczba szybko mala\u0142a i przez d\u0142ugi czas by\u0142o ich od dw\u00f3ch do trzech. Dom zosta\u0142 zamkni\u0119ty w 2010 roku, aby sprosta\u0107 wymogom oszcz\u0119dno\u015bci w latach po recesji. Do tego czasu budynek sta\u0142 si\u0119 bardzo zniszczony i nieodpowiedni, mi\u0119dzy innymi bior\u0105c pod uwag\u0119, \u017ce firma znajdowa\u0142a si\u0119 na drugim pi\u0119trze budynku bez windy. W kolejnych latach bardzo brakowa\u0142o jego konserwacji, aw 2019 roku sta\u0142o si\u0119 jasne, \u017ce budynek jest zbyt drogi i nieprzydatny do prowadzonej tam dzia\u0142alno\u015bci. Podejmowano pr\u00f3by znalezienia odpowiednich mieszka\u0144 dla fok s\u0142u\u017cby zdrowia, ale nie znaleziono mieszka\u0144 spe\u0142niaj\u0105cych wymagania, kt\u00f3re s\u0105 normalne we wsp\u00f3\u0142czesnym spo\u0142ecze\u0144stwie.<\/p>\n\n\n\n<p>Sta\u0142 tam, gdy w styczniu 2020 r. spad\u0142a lawina. W rezultacie pojawi\u0142a si\u0119 powa\u017cna krytyka, \u017ce o\u015brodek zdrowia zosta\u0142 zamkni\u0119ty. Temat by\u0142 zasadniczo dwojaki; z jednej strony reagowanie w nag\u0142ych wypadkach, a z drugiej s\u0142u\u017cby zdrowia. Natychmiast rozpocz\u0119to prace nad otwarciem nowego zak\u0142adu opieki zdrowotnej w rozwi\u0105zaniu tymczasowym w Bryggjukaffi. Je\u015bli chodzi o reagowanie w sytuacjach kryzysowych, nawi\u0105zali\u015bmy wsp\u00f3\u0142prac\u0119 z zespo\u0142em ratunkowym i nasz\u0105 lojaln\u0105 by\u0142\u0105 pracownic\u0105 \u2014 jej Hei\u00f0\u0105 \u2014 w ramach kt\u00f3rej kupili\u015bmy r\u00f3\u017cnego rodzaju sprz\u0119t, kt\u00f3ry warto mie\u0107 pod r\u0119k\u0105, gdy co\u015b si\u0119 wydarzy.<\/p>\n\n\n\n<p>Pojawi\u0142o si\u0119 r\u00f3wnie\u017c zaproszenie na kurs dla pracownik\u00f3w terenowych, wolontariuszy mog\u0105cych udziela\u0107 pierwszej pomocy, w kt\u00f3rym wzi\u0119li udzia\u0142 nie tylko Flateyrs, ale tak\u017ce S\u00fagfj\u00f6r\u00f0ur i S\u00fa\u00f0v\u00edking. Poniewa\u017c transport ambulansowy na tym obszarze jest prowadzony przez miasto \u00cdsafjar\u00f0arb\u00e6r na podstawie umowy z instytutem zdrowia, umowa ta zosta\u0142a r\u00f3wnie\u017c zaktualizowana w celu odzwierciedlenia zadania polegaj\u0105cego na \u015bledzeniu, kt\u00f3ry personel terenowy mieszka na tym obszarze, przeprowadza dodatkowe szkolenia i, w miar\u0119 przypadku, zwi\u0119ksz ich liczb\u0119.<\/p>\n\n\n\n<p>Tak by\u0142o z piecz\u0119ci\u0105 s\u0142u\u017cby zdrowia. Kiedy Magn\u00fas, przewodnicz\u0105cy ekipy ratunkowej, zwr\u00f3ci\u0142 si\u0119 do nas z propozycj\u0105 wsp\u00f3\u0142pracy, od razu zabrzmia\u0142o to bardzo dobrze. Przerzucali\u015bmy si\u0119 pomys\u0142ami na zagospodarowanie lokalu i zacz\u0119\u0142y si\u0119 prace nad zbadaniem, jak powinna wygl\u0105da\u0107 strona formalna projektu, zw\u0142aszcza z w\u0142asno\u015bci\u0105 i form\u0105 umowy najmu. Z umowy podpisanej w listopadzie 2020 przenie\u015bli\u015bmy si\u0119 w styczniu 2021. Umowa najmu do 1 stycznia 2041.<\/p>\n\n\n\n<p><em>GO, pa\u017adziernik 2021<\/em><\/p>","protected":false},"excerpt":{"rendered":"<p>O\u015brodek zdrowia znajduje si\u0119 w Gu\u00f0nab\u00fad, na terenie Zespo\u0142u Ratunkowego S\u00e6bjargar. Us\u0142ugi medyczne \u015bwiadczone s\u0105 raz w tygodniu i nale\u017cy wcze\u015bniej um\u00f3wi\u0107 si\u0119 na wizyt\u0119 poprzez Heilsuvera lub telefonicznie pod numerem 450 4500. Sprzeda\u017c [...] <a href=\"https:\/\/hvest.is\/pl\/starfsstodvar\/flateyri\/\">Wi\u0119cej &gt;<\/a><\/p>","protected":false},"author":1,"featured_media":0,"parent":10,"menu_order":0,"comment_status":"closed","ping_status":"closed","template":"","meta":{"_lmt_disableupdate":"no","_lmt_disable":"no","cybocfi_hide_featured_image":"","footnotes":""},"class_list":["post-1123","page","type-page","status-publish","hentry"],"_links":{"self":[{"href":"https:\/\/hvest.is\/pl\/wp-json\/wp\/v2\/pages\/1123","targetHints":{"allow":["GET"]}}],"collection":[{"href":"https:\/\/hvest.is\/pl\/wp-json\/wp\/v2\/pages"}],"about":[{"href":"https:\/\/hvest.is\/pl\/wp-json\/wp\/v2\/types\/page"}],"author":[{"embeddable":true,"href":"https:\/\/hvest.is\/pl\/wp-json\/wp\/v2\/users\/1"}],"replies":[{"embeddable":true,"href":"https:\/\/hvest.is\/pl\/wp-json\/wp\/v2\/comments?post=1123"}],"version-history":[{"count":0,"href":"https:\/\/hvest.is\/pl\/wp-json\/wp\/v2\/pages\/1123\/revisions"}],"up":[{"embeddable":true,"href":"https:\/\/hvest.is\/pl\/wp-json\/wp\/v2\/pages\/10"}],"wp:attachment":[{"href":"https:\/\/hvest.is\/pl\/wp-json\/wp\/v2\/media?parent=1123"}],"curies":[{"name":"wp","href":"https:\/\/api.w.org\/{rel}","templated":true}]}}