{"id":4027,"date":"2025-05-28T15:44:21","date_gmt":"2025-05-28T15:44:21","guid":{"rendered":"https:\/\/hvest.is\/?page_id=4027"},"modified":"2025-05-28T15:44:39","modified_gmt":"2025-05-28T15:44:39","slug":"arsskyrsla-2024","status":"publish","type":"page","link":"https:\/\/hvest.is\/en\/arsskyrsla-2024\/","title":{"rendered":"Annual Report 2024"},"content":{"rendered":"<div class=\"wp-block-columns is-layout-flex wp-container-core-columns-is-layout-9d6595d7 wp-block-columns-is-layout-flex\">\n<div class=\"wp-block-column is-layout-flow wp-block-column-is-layout-flow\">\n<blockquote class=\"wp-block-quote is-layout-flow wp-block-quote-is-layout-flow\">\n<p>CEO&#039;s Address<\/p>\n\n\n\n<p>The year 2024 was an eventful one in the operations and activities of the Westfjords Health Institute \u2013 as has often been the case before. Operating healthcare institutions is always a challenging task, and HVest is no exception. We ended the year with a slight deficit, which can mainly be attributed to the costs of operating nursing homes.<\/p>\n\n\n\n<p>Staffing experts has been a significant challenge, but we have worked hard to find solutions that ensure stability in human resources matters. We continue on that journey unwaveringly.<\/p>\n\n\n\n<p>We are very pleased that HVest received the highest rating to date in the survey for the organization of the year. It is a clear confirmation of the good work that our strong and professional staff does. Despite the challenges, the operations are characterized by professionalism and positivity.<\/p>\n\n\n\n<p>We have had a good and successful collaboration with the State Public Works Department regarding maintenance projects and improvements to the agency&#039;s premises. These projects will continue in the new year and contribute to improved working conditions and services.<\/p>\n\n\n\n<p>A new organizational chart then took effect on January 1, 2025. This simplified the organization&#039;s administrative structure and increased efficiency, especially in terms of professional and operational responsibilities.<\/p>\n\n\n\n<p>HWest&#039;s mission is clear: to provide excellent healthcare in our region, where our values \u2013 respect, collaboration, trust and positivity \u2013 are the guiding principles in all our work.<\/p>\n\n\n\n<p>The community in the Westfjords has shown us great and valuable support, which is invaluable to the institution. For that I would like to thank you sincerely. I would also like to express my deepest gratitude to the staff of HVest for their invaluable work and great professionalism. It is our goal to make HVest a desirable and good place to work.<\/p>\n\n\n\n<p>For me personally, it was a turning point when I was appointed Director of the organization on March 1, 2024. I would like to thank the warm welcome and goodwill from the staff and the community as a whole. It is a true pleasure for me to work and live in this strong and cohesive Westfjords community \u2013 and I look forward to continued collaboration in the years to come.<\/p>\n\n\n\n<p><br>Best regards,<br>L\u00fadv\u00edk \u00deorgeirsson<br>Director of the Westfjords Health Institute<\/p>\n<\/blockquote>\n<\/div>\n\n\n\n<div class=\"wp-block-column is-layout-flow wp-block-column-is-layout-flow\">\n<figure class=\"wp-block-image size-large\"><img decoding=\"async\" width=\"1024\" height=\"683\" src=\"https:\/\/hvest.is\/wp-content\/uploads\/2024\/05\/Ludvik-Thorgeirsson-2024-1024x683.jpg\" alt=\"\" class=\"wp-image-3708\" srcset=\"https:\/\/hvest.is\/wp-content\/uploads\/2024\/05\/Ludvik-Thorgeirsson-2024-18x12.jpg 18w, https:\/\/hvest.is\/wp-content\/uploads\/2024\/05\/Ludvik-Thorgeirsson-2024-200x133.jpg 200w, https:\/\/hvest.is\/wp-content\/uploads\/2024\/05\/Ludvik-Thorgeirsson-2024-300x200.jpg 300w, https:\/\/hvest.is\/wp-content\/uploads\/2024\/05\/Ludvik-Thorgeirsson-2024-400x267.jpg 400w, https:\/\/hvest.is\/wp-content\/uploads\/2024\/05\/Ludvik-Thorgeirsson-2024-600x400.jpg 600w, https:\/\/hvest.is\/wp-content\/uploads\/2024\/05\/Ludvik-Thorgeirsson-2024-768x512.jpg 768w, https:\/\/hvest.is\/wp-content\/uploads\/2024\/05\/Ludvik-Thorgeirsson-2024-800x534.jpg 800w, https:\/\/hvest.is\/wp-content\/uploads\/2024\/05\/Ludvik-Thorgeirsson-2024-1024x683.jpg 1024w, https:\/\/hvest.is\/wp-content\/uploads\/2024\/05\/Ludvik-Thorgeirsson-2024-1200x800.jpg 1200w, https:\/\/hvest.is\/wp-content\/uploads\/2024\/05\/Ludvik-Thorgeirsson-2024-1536x1025.jpg 1536w\" sizes=\"(max-width: 1024px) 100vw, 1024px\" \/><figcaption class=\"wp-element-caption\">L\u00fa\u00f0v\u00edk \u00deorgeirsson CEO<\/figcaption><\/figure>\n<\/div>\n<\/div>\n\n\n\n<h2 class=\"wp-block-heading\">Annual Accounts 2024<\/h2>\n\n\n\n<p>Expenses increased between years by 495 million ISK or 12.4%. Income increased less or by 355 million ISK or 9%. Inflation in 2024 was 6% on average. The weight of wage costs was 70%, the same as the previous year, and wage costs increased by 273 million ISK between years or 9.7%. The average number of full-time equivalents was 224. The weight of other operating expenses was 30% and increased by 213 million ISK or 18.9%. The increase can be attributed primarily to an increase in specific product purchases as well as housing and travel costs due to replacements and expert services. Depreciation increases by 8 million ISK or 23.3%. The weight of services sold was 6.4%, an increase of 47 million ISK or 19.1% between years. The increase can be attributed to specialist services, accommodation fees and various service income. \u2013ES<\/p>\n\n\n\n<figure class=\"wp-block-table\"><table class=\"has-fixed-layout\"><tbody><tr><td><strong>Income<\/strong><\/td><td class=\"has-text-align-right\" data-align=\"right\"><strong>2024<\/strong><\/td><td class=\"has-text-align-right\" data-align=\"right\"><strong>2023<\/strong><\/td><\/tr><tr><td>Revenue transfer of budgets<\/td><td class=\"has-text-align-right\" data-align=\"right\">4.042.093.245<\/td><td class=\"has-text-align-right\" data-align=\"right\">3.737.781.712<\/td><\/tr><tr><td>Sold services<\/td><td class=\"has-text-align-right\" data-align=\"right\">282.099.453<\/td><td class=\"has-text-align-right\" data-align=\"right\">234.628.856<\/td><\/tr><tr><td>Donations and miscellaneous income<\/td><td class=\"has-text-align-right\" data-align=\"right\">23.209.651<\/td><td class=\"has-text-align-right\" data-align=\"right\">28.701.457<\/td><\/tr><tr><td>Interest income, inflation adjustments and exchange rate gains<\/td><td class=\"has-text-align-right\" data-align=\"right\">101.602<\/td><td class=\"has-text-align-right\" data-align=\"right\">106.721<\/td><\/tr><tr><td>Income recognition of deferred income of previous years<\/td><td class=\"has-text-align-right\" data-align=\"right\">43.570.424<\/td><td class=\"has-text-align-right\" data-align=\"right\">35.347.438<\/td><\/tr><tr><td><em>Total income<\/em><\/td><td class=\"has-text-align-right\" data-align=\"right\"><em>4.391.076.399<\/em><\/td><td class=\"has-text-align-right\" data-align=\"right\"><em>4.036.566.184<\/em><\/td><\/tr><tr><td><strong>Fees<\/strong><\/td><td class=\"has-text-align-right\" data-align=\"right\"><\/td><td class=\"has-text-align-right\" data-align=\"right\"><\/td><\/tr><tr><td>Salaries, salary-related expenses and personnel costs<\/td><td class=\"has-text-align-right\" data-align=\"right\">3.087.084.595<\/td><td class=\"has-text-align-right\" data-align=\"right\">2.813.279.179<\/td><\/tr><tr><td>Other operating expenses<\/td><td class=\"has-text-align-right\" data-align=\"right\">1.342.242.165<\/td><td class=\"has-text-align-right\" data-align=\"right\">1.129.280.034<\/td><\/tr><tr><td>Interest expenses, inflation adjustments and exchange rate losses<\/td><td class=\"has-text-align-right\" data-align=\"right\">48.961<\/td><td class=\"has-text-align-right\" data-align=\"right\">40.336<\/td><\/tr><tr><td>Depreciation and write-downs<\/td><td class=\"has-text-align-right\" data-align=\"right\">43.570.424<\/td><td class=\"has-text-align-right\" data-align=\"right\">35.347.438<\/td><\/tr><tr><td><em>Total charges<\/em><\/td><td class=\"has-text-align-right\" data-align=\"right\"><em>4.472.946.145<\/em><\/td><td class=\"has-text-align-right\" data-align=\"right\">3.977.946.987<\/td><\/tr><tr><td><em>The result of the year<\/em><\/td><td class=\"has-text-align-right\" data-align=\"right\"><em>-81.869.746<\/em><\/td><td class=\"has-text-align-right\" data-align=\"right\"><em>58.619.197<\/em><\/td><\/tr><\/tbody><\/table><\/figure>\n\n\n\n<h2 class=\"wp-block-heading\"><strong>Berglj\u00f3t P\u00e1lmad\u00f3ttir, farewell and thanks for the good work.<\/strong><\/h2>\n\n\n\n<div class=\"wp-block-columns is-layout-flex wp-container-core-columns-is-layout-9d6595d7 wp-block-columns-is-layout-flex\">\n<div class=\"wp-block-column is-layout-flow wp-block-column-is-layout-flow\">\n<p>In 2024, one employee retired due to age. Berglj\u00f3t P\u00e1lmad\u00f3ttir has been one of the faces of the organization for many years. We have been very fortunate to have enjoyed her work all these years and thank her very much for her work well done for the benefit of the organization and its clients.<\/p>\n<\/div>\n\n\n\n<div class=\"wp-block-column is-layout-flow wp-block-column-is-layout-flow\">\n<figure class=\"wp-block-image size-full\"><img decoding=\"async\" width=\"601\" height=\"400\" src=\"https:\/\/hvest.is\/wp-content\/uploads\/2025\/05\/Bergljot-Palmadottir-kvodd-og-thokkud-god-storf.jpg\" alt=\"\" class=\"wp-image-4028\" srcset=\"https:\/\/hvest.is\/wp-content\/uploads\/2025\/05\/Bergljot-Palmadottir-kvodd-og-thokkud-god-storf-18x12.jpg 18w, https:\/\/hvest.is\/wp-content\/uploads\/2025\/05\/Bergljot-Palmadottir-kvodd-og-thokkud-god-storf-200x133.jpg 200w, https:\/\/hvest.is\/wp-content\/uploads\/2025\/05\/Bergljot-Palmadottir-kvodd-og-thokkud-god-storf-300x200.jpg 300w, https:\/\/hvest.is\/wp-content\/uploads\/2025\/05\/Bergljot-Palmadottir-kvodd-og-thokkud-god-storf-400x266.jpg 400w, https:\/\/hvest.is\/wp-content\/uploads\/2025\/05\/Bergljot-Palmadottir-kvodd-og-thokkud-god-storf.jpg 601w\" sizes=\"(max-width: 601px) 100vw, 601px\" \/><\/figure>\n<\/div>\n<\/div>\n\n\n\n<h2 class=\"wp-block-heading\">Executive Committee 2024<\/h2>\n\n\n\n<figure class=\"wp-block-gallery has-nested-images columns-default is-cropped wp-block-gallery-2 is-layout-flex wp-block-gallery-is-layout-flex\">\n<figure class=\"wp-block-image size-large\"><img decoding=\"async\" width=\"1024\" height=\"683\" data-id=\"3708\" src=\"https:\/\/hvest.is\/wp-content\/uploads\/2024\/05\/Ludvik-Thorgeirsson-2024-1024x683.jpg\" alt=\"\" class=\"wp-image-3708\" srcset=\"https:\/\/hvest.is\/wp-content\/uploads\/2024\/05\/Ludvik-Thorgeirsson-2024-18x12.jpg 18w, https:\/\/hvest.is\/wp-content\/uploads\/2024\/05\/Ludvik-Thorgeirsson-2024-200x133.jpg 200w, https:\/\/hvest.is\/wp-content\/uploads\/2024\/05\/Ludvik-Thorgeirsson-2024-300x200.jpg 300w, https:\/\/hvest.is\/wp-content\/uploads\/2024\/05\/Ludvik-Thorgeirsson-2024-400x267.jpg 400w, https:\/\/hvest.is\/wp-content\/uploads\/2024\/05\/Ludvik-Thorgeirsson-2024-600x400.jpg 600w, https:\/\/hvest.is\/wp-content\/uploads\/2024\/05\/Ludvik-Thorgeirsson-2024-768x512.jpg 768w, https:\/\/hvest.is\/wp-content\/uploads\/2024\/05\/Ludvik-Thorgeirsson-2024-800x534.jpg 800w, https:\/\/hvest.is\/wp-content\/uploads\/2024\/05\/Ludvik-Thorgeirsson-2024-1024x683.jpg 1024w, https:\/\/hvest.is\/wp-content\/uploads\/2024\/05\/Ludvik-Thorgeirsson-2024-1200x800.jpg 1200w, https:\/\/hvest.is\/wp-content\/uploads\/2024\/05\/Ludvik-Thorgeirsson-2024-1536x1025.jpg 1536w\" sizes=\"(max-width: 1024px) 100vw, 1024px\" \/><figcaption class=\"wp-element-caption\">L\u00fa\u00f0v\u00edk \u00deorgeirsson CEO from March 1<\/figcaption><\/figure>\n\n\n\n<figure class=\"wp-block-image size-large\"><img decoding=\"async\" width=\"1024\" height=\"683\" data-id=\"2901\" src=\"https:\/\/hvest.is\/wp-content\/uploads\/2022\/08\/Hildur-Elisabet-Petursdottir-2022-1024x683.jpg\" alt=\"\" class=\"wp-image-2901\" srcset=\"https:\/\/hvest.is\/wp-content\/uploads\/2022\/08\/Hildur-Elisabet-Petursdottir-2022-200x133.jpg 200w, https:\/\/hvest.is\/wp-content\/uploads\/2022\/08\/Hildur-Elisabet-Petursdottir-2022-300x200.jpg 300w, https:\/\/hvest.is\/wp-content\/uploads\/2022\/08\/Hildur-Elisabet-Petursdottir-2022-400x267.jpg 400w, https:\/\/hvest.is\/wp-content\/uploads\/2022\/08\/Hildur-Elisabet-Petursdottir-2022-600x400.jpg 600w, https:\/\/hvest.is\/wp-content\/uploads\/2022\/08\/Hildur-Elisabet-Petursdottir-2022-768x512.jpg 768w, https:\/\/hvest.is\/wp-content\/uploads\/2022\/08\/Hildur-Elisabet-Petursdottir-2022-800x534.jpg 800w, https:\/\/hvest.is\/wp-content\/uploads\/2022\/08\/Hildur-Elisabet-Petursdottir-2022-1024x683.jpg 1024w, https:\/\/hvest.is\/wp-content\/uploads\/2022\/08\/Hildur-Elisabet-Petursdottir-2022-1200x800.jpg 1200w, https:\/\/hvest.is\/wp-content\/uploads\/2022\/08\/Hildur-Elisabet-Petursdottir-2022-1536x1025.jpg 1536w\" sizes=\"(max-width: 1024px) 100vw, 1024px\" \/><figcaption class=\"wp-element-caption\">Hildur El\u00edsabet P\u00e9tursd\u00f3ttir, Director of Nursing and CEO until February 28th<\/figcaption><\/figure>\n\n\n\n<figure class=\"wp-block-image size-large\"><img decoding=\"async\" width=\"1024\" height=\"1022\" data-id=\"2912\" src=\"https:\/\/hvest.is\/wp-content\/uploads\/2022\/08\/Rannveig-i-lit-edited-1024x1022.jpeg\" alt=\"\" class=\"wp-image-2912\" srcset=\"https:\/\/hvest.is\/wp-content\/uploads\/2022\/08\/Rannveig-i-lit-edited-66x66.jpeg 66w, https:\/\/hvest.is\/wp-content\/uploads\/2022\/08\/Rannveig-i-lit-edited-150x150.jpeg 150w, https:\/\/hvest.is\/wp-content\/uploads\/2022\/08\/Rannveig-i-lit-edited-200x200.jpeg 200w, https:\/\/hvest.is\/wp-content\/uploads\/2022\/08\/Rannveig-i-lit-edited-300x300.jpeg 300w, https:\/\/hvest.is\/wp-content\/uploads\/2022\/08\/Rannveig-i-lit-edited-400x399.jpeg 400w, https:\/\/hvest.is\/wp-content\/uploads\/2022\/08\/Rannveig-i-lit-edited-600x599.jpeg 600w, https:\/\/hvest.is\/wp-content\/uploads\/2022\/08\/Rannveig-i-lit-edited-768x767.jpeg 768w, https:\/\/hvest.is\/wp-content\/uploads\/2022\/08\/Rannveig-i-lit-edited-800x799.jpeg 800w, https:\/\/hvest.is\/wp-content\/uploads\/2022\/08\/Rannveig-i-lit-edited-1024x1022.jpeg 1024w, https:\/\/hvest.is\/wp-content\/uploads\/2022\/08\/Rannveig-i-lit-edited-1200x1198.jpeg 1200w, https:\/\/hvest.is\/wp-content\/uploads\/2022\/08\/Rannveig-i-lit-edited.jpeg 1334w\" sizes=\"(max-width: 1024px) 100vw, 1024px\" \/><figcaption class=\"wp-element-caption\">Rannveig Bj\u00f6rnsd\u00f3ttir, Director of Nursing until February 28th<\/figcaption><\/figure>\n\n\n\n<figure class=\"wp-block-image size-large\"><img decoding=\"async\" width=\"1024\" height=\"683\" data-id=\"2894\" src=\"https:\/\/hvest.is\/wp-content\/uploads\/2022\/08\/Susanna-Astvaldsdottir-2022-1024x683.jpg\" alt=\"\" class=\"wp-image-2894\" srcset=\"https:\/\/hvest.is\/wp-content\/uploads\/2022\/08\/Susanna-Astvaldsdottir-2022-200x133.jpg 200w, https:\/\/hvest.is\/wp-content\/uploads\/2022\/08\/Susanna-Astvaldsdottir-2022-300x200.jpg 300w, https:\/\/hvest.is\/wp-content\/uploads\/2022\/08\/Susanna-Astvaldsdottir-2022-400x267.jpg 400w, https:\/\/hvest.is\/wp-content\/uploads\/2022\/08\/Susanna-Astvaldsdottir-2022-600x400.jpg 600w, https:\/\/hvest.is\/wp-content\/uploads\/2022\/08\/Susanna-Astvaldsdottir-2022-768x512.jpg 768w, https:\/\/hvest.is\/wp-content\/uploads\/2022\/08\/Susanna-Astvaldsdottir-2022-800x534.jpg 800w, https:\/\/hvest.is\/wp-content\/uploads\/2022\/08\/Susanna-Astvaldsdottir-2022-1024x683.jpg 1024w, https:\/\/hvest.is\/wp-content\/uploads\/2022\/08\/Susanna-Astvaldsdottir-2022-1200x800.jpg 1200w, https:\/\/hvest.is\/wp-content\/uploads\/2022\/08\/Susanna-Astvaldsdottir-2022-1536x1025.jpg 1536w\" sizes=\"(max-width: 1024px) 100vw, 1024px\" \/><figcaption class=\"wp-element-caption\">S\u00fasanna Bj\u00f6rg \u00c1stvaldsd\u00f3ttir medical manager<\/figcaption><\/figure>\n\n\n\n<figure class=\"wp-block-image size-large\"><img decoding=\"async\" width=\"1024\" height=\"683\" data-id=\"2886\" src=\"https:\/\/hvest.is\/wp-content\/uploads\/2022\/08\/Hanna-THora-Hauksdottir-2022-1024x683.jpg\" alt=\"\" class=\"wp-image-2886\" srcset=\"https:\/\/hvest.is\/wp-content\/uploads\/2022\/08\/Hanna-THora-Hauksdottir-2022-200x133.jpg 200w, https:\/\/hvest.is\/wp-content\/uploads\/2022\/08\/Hanna-THora-Hauksdottir-2022-300x200.jpg 300w, https:\/\/hvest.is\/wp-content\/uploads\/2022\/08\/Hanna-THora-Hauksdottir-2022-400x267.jpg 400w, https:\/\/hvest.is\/wp-content\/uploads\/2022\/08\/Hanna-THora-Hauksdottir-2022-600x400.jpg 600w, https:\/\/hvest.is\/wp-content\/uploads\/2022\/08\/Hanna-THora-Hauksdottir-2022-768x512.jpg 768w, https:\/\/hvest.is\/wp-content\/uploads\/2022\/08\/Hanna-THora-Hauksdottir-2022-800x534.jpg 800w, https:\/\/hvest.is\/wp-content\/uploads\/2022\/08\/Hanna-THora-Hauksdottir-2022-1024x683.jpg 1024w, https:\/\/hvest.is\/wp-content\/uploads\/2022\/08\/Hanna-THora-Hauksdottir-2022-1200x800.jpg 1200w, https:\/\/hvest.is\/wp-content\/uploads\/2022\/08\/Hanna-THora-Hauksdottir-2022-1536x1025.jpg 1536w\" sizes=\"(max-width: 1024px) 100vw, 1024px\" \/><figcaption class=\"wp-element-caption\">Hanna \u00de\u00f3ra Hauksd\u00f3ttir Human Resources Manager<\/figcaption><\/figure>\n\n\n\n<figure class=\"wp-block-image size-large\"><img decoding=\"async\" width=\"741\" height=\"741\" data-id=\"3445\" src=\"https:\/\/hvest.is\/wp-content\/uploads\/2023\/09\/377115262_854549596047875_944175093884305048_n.jpg\" alt=\"\" class=\"wp-image-3445\" srcset=\"https:\/\/hvest.is\/wp-content\/uploads\/2023\/09\/377115262_854549596047875_944175093884305048_n-12x12.jpg 12w, https:\/\/hvest.is\/wp-content\/uploads\/2023\/09\/377115262_854549596047875_944175093884305048_n-66x66.jpg 66w, https:\/\/hvest.is\/wp-content\/uploads\/2023\/09\/377115262_854549596047875_944175093884305048_n-150x150.jpg 150w, https:\/\/hvest.is\/wp-content\/uploads\/2023\/09\/377115262_854549596047875_944175093884305048_n-200x200.jpg 200w, https:\/\/hvest.is\/wp-content\/uploads\/2023\/09\/377115262_854549596047875_944175093884305048_n-300x300.jpg 300w, https:\/\/hvest.is\/wp-content\/uploads\/2023\/09\/377115262_854549596047875_944175093884305048_n-400x400.jpg 400w, https:\/\/hvest.is\/wp-content\/uploads\/2023\/09\/377115262_854549596047875_944175093884305048_n-600x600.jpg 600w, https:\/\/hvest.is\/wp-content\/uploads\/2023\/09\/377115262_854549596047875_944175093884305048_n.jpg 741w\" sizes=\"(max-width: 741px) 100vw, 741px\" \/><figcaption class=\"wp-element-caption\">Hrafnhildur \u00d3l\u00f6f \u00d3lafsd\u00f3ttir, nursing director at Patreksfj\u00f6r\u00f0ur <\/figcaption><\/figure>\n<\/figure>","protected":false},"excerpt":{"rendered":"<p>CEO&#039;s Address The year 2024 was an eventful one for the operations and activities of the Westfjords Health Institute \u2013 as has often been the case. Operating healthcare institutions is always a challenging task, and HVest is no exception. [\u2026] <a href=\"https:\/\/hvest.is\/en\/arsskyrsla-2024\/\">More \u203a<\/a><\/p>","protected":false},"author":12,"featured_media":0,"parent":0,"menu_order":0,"comment_status":"closed","ping_status":"closed","template":"","meta":{"_lmt_disableupdate":"","_lmt_disable":"","cybocfi_hide_featured_image":"","footnotes":""},"class_list":["post-4027","page","type-page","status-publish","hentry"],"_links":{"self":[{"href":"https:\/\/hvest.is\/en\/wp-json\/wp\/v2\/pages\/4027","targetHints":{"allow":["GET"]}}],"collection":[{"href":"https:\/\/hvest.is\/en\/wp-json\/wp\/v2\/pages"}],"about":[{"href":"https:\/\/hvest.is\/en\/wp-json\/wp\/v2\/types\/page"}],"author":[{"embeddable":true,"href":"https:\/\/hvest.is\/en\/wp-json\/wp\/v2\/users\/12"}],"replies":[{"embeddable":true,"href":"https:\/\/hvest.is\/en\/wp-json\/wp\/v2\/comments?post=4027"}],"version-history":[{"count":0,"href":"https:\/\/hvest.is\/en\/wp-json\/wp\/v2\/pages\/4027\/revisions"}],"wp:attachment":[{"href":"https:\/\/hvest.is\/en\/wp-json\/wp\/v2\/media?parent=4027"}],"curies":[{"name":"wp","href":"https:\/\/api.w.org\/{rel}","templated":true}]}}