{"id":2442,"date":"2022-03-07T10:42:20","date_gmt":"2022-03-07T10:42:20","guid":{"rendered":"https:\/\/hvest.is\/?page_id=2442"},"modified":"2025-12-14T07:33:58","modified_gmt":"2025-12-14T07:33:58","slug":"vi-soger-laeger","status":"publish","type":"page","link":"https:\/\/hvest.is\/en\/vi-soger-laeger\/","title":{"rendered":"We are looking for doctors"},"content":{"rendered":"<p>We are looking for surgeons, internal medicine and general medicine who want to work with us at Sundhedscentret in Isafj\u00f6r\u00f0ur, Iceland.<\/p>\n\n\n\n<p>Den <strong>medical doctor<\/strong> waretager work in our bed department, <strong>the surgeon<\/strong> performs ambulante, elective and acute operation as well as f\u00f8ldshj\u00e6lp. <strong>General medicine<\/strong> the work is carried out in general practice, although there is a changing doctor&#039;s call.<\/p>\n\n\n\n<p>In the last time we have had Danish doctors with us and it has worked really well. The collaboration is going smoothly and the patients are satisfied. L\u00e6gerne has been happy to come here and experience something completely new.<\/p>\n\n\n\n<p>Vestfjordene, which has around 6000 inhabitants, and Iceland offers an outstanding social security network, perfect surroundings for all kinds of outdoor activities, the world&#039;s best living conditions and fantastic schools, from kindergartens to universities.<\/p>\n\n\n\n<p>Welcome to \u00cdsafj\u00f6r\u00f0ur!<\/p>\n\n\n\n<p><\/p>\n\n\n\n<p><\/p>\n\n\n\n<figure class=\"wp-block-embed is-type-video is-provider-youtube wp-block-embed-youtube wp-embed-aspect-16-9 wp-has-aspect-ratio\"><div class=\"wp-block-embed__wrapper\">\n<div class=\"video-shortcode\"><iframe title=\"We are looking for doctors\" width=\"1280\" height=\"720\" src=\"https:\/\/www.youtube.com\/embed\/d_QL372eeuQ?feature=oembed\" frameborder=\"0\" allow=\"accelerometer; autoplay; clipboard-write; encrypted-media; gyroscope; picture-in-picture; web-share\" referrerpolicy=\"strict-origin-when-cross-origin\" allowfullscreen><\/iframe><\/div>\n<\/div><\/figure>\n\n\n\n<div style=\"height:100px\" aria-hidden=\"true\" class=\"wp-block-spacer\"><\/div>\n\n\n\n<div class=\"wp-block-columns has-awb-color-1-background-color has-background is-layout-flex wp-container-core-columns-is-layout-9d6595d7 wp-block-columns-is-layout-flex\">\n<div class=\"wp-block-column is-layout-flow wp-block-column-is-layout-flow\">\n<p>See <a href=\"https:\/\/www.instagram.com\/stories\/highlights\/18078405007340895\/\">Instatakeover on @Yngrelaegeliv.<\/a><\/p>\n<\/div>\n\n\n\n<div class=\"wp-block-column is-layout-flow wp-block-column-is-layout-flow\">\n<figure class=\"wp-block-image size-full\"><a href=\"https:\/\/www.instagram.com\/stories\/highlights\/18078405007340895\/\"><img decoding=\"async\" width=\"513\" height=\"748\" src=\"https:\/\/hvest.is\/wp-content\/uploads\/2023\/09\/image.png\" alt=\"\" class=\"wp-image-3430\" srcset=\"https:\/\/hvest.is\/wp-content\/uploads\/2023\/09\/image-8x12.png 8w, https:\/\/hvest.is\/wp-content\/uploads\/2023\/09\/image-200x292.png 200w, https:\/\/hvest.is\/wp-content\/uploads\/2023\/09\/image-206x300.png 206w, https:\/\/hvest.is\/wp-content\/uploads\/2023\/09\/image-400x583.png 400w, https:\/\/hvest.is\/wp-content\/uploads\/2023\/09\/image.png 513w\" sizes=\"(max-width: 513px) 100vw, 513px\" \/><\/a><\/figure>\n<\/div>\n<\/div>\n\n\n\n<h2 class=\"wp-block-heading\">Additional information<\/h2>\n\n\n\n<p><strong>Contact: <\/strong>Kristr\u00fan Gu\u00f0mundsd\u00f3ttir (doctor, she speaks English and Danish).<\/p>\n\n\n\n<p>kristrun.gudmundsdottir@hvest.is<\/p>\n\n\n\n<p><\/p>\n\n\n\n<div class=\"wp-block-columns is-layout-flex wp-container-core-columns-is-layout-9d6595d7 wp-block-columns-is-layout-flex\">\n<div class=\"wp-block-column is-layout-flow wp-block-column-is-layout-flow\" style=\"flex-basis:33.33%\">\n<h2 class=\"wp-block-heading\">where are we<\/h2>\n\n\n\n<p>\u00cdsafj\u00f6r\u00f0ur is located in Vestfjorden. Sundhedsdistrict contains a total of 5 municipalities.<\/p>\n\n\n\n<p><\/p>\n\n\n\n<p>See <a href=\"https:\/\/da.wikipedia.org\/wiki\/%C3%8Dsafj%C3%B6r%C3%B0ur\">\u00cdsafj\u00f6r\u00f0ur on Wikipedia<\/a>. <\/p>\n<\/div>\n\n\n\n<div class=\"wp-block-column is-layout-flow wp-block-column-is-layout-flow\" style=\"flex-basis:66.66%\"><div id=\"wpgmza_map_13\" class=\"wpgmza_map wpgmza-auto-left\" style=\"display:block;width:100%;height:600px;overflow:hidden;position:relative;\" data-map-id=\"13\" data-maps-engine=\"open-layers\" data-build-engine=\"atlas-novus\" data-shortcode-attributes=\"{&quot;id&quot;:&quot;13&quot;,&quot;zoom&quot;:false,&quot;width&quot;:false,&quot;height&quot;:false,&quot;marker&quot;:false,&quot;classname&quot;:false,&quot;mashup&quot;:false,&quot;mashup_ids&quot;:false,&quot;cat&quot;:false,&quot;type&quot;:&quot;default&quot;,&quot;parent_id&quot;:false,&quot;lat&quot;:false,&quot;lng&quot;:false,&quot;mark_center&quot;:false,&quot;enable_category&quot;:false,&quot;directions_from&quot;:false,&quot;directions_to&quot;:false,&quot;directions_waypoints&quot;:false,&quot;directions_auto&quot;:false,&quot;disable_vgm_form&quot;:false,&quot;redirect_to&quot;:false}\" data-settings=\"{&quot;map_title&quot;:&quot;\\u00cdsafj\\u00f6r\\u00f0ur&quot;,&quot;map_width&quot;:&quot;100&quot;,&quot;map_height&quot;:&quot;600&quot;,&quot;map_start_lat&quot;:&quot;66.07568499880324&quot;,&quot;map_start_lng&quot;:&quot;-23.128932471778185&quot;,&quot;map_start_location&quot;:&quot;45.950464398418106,-109.81550500000003&quot;,&quot;map_start_zoom&quot;:&quot;6&quot;,&quot;default_marker&quot;:&quot;{\\&quot;url\\&quot;:\\&quot;\\&quot;,\\&quot;retina\\&quot;:true}&quot;,&quot;type&quot;:&quot;0&quot;,&quot;alignment&quot;:&quot;4&quot;,&quot;directions_enabled&quot;:&quot;0&quot;,&quot;styling_enabled&quot;:&quot;0&quot;,&quot;styling_json&quot;:&quot;&quot;,&quot;active&quot;:&quot;0&quot;,&quot;kml&quot;:&quot;&quot;,&quot;bicycle&quot;:&quot;0&quot;,&quot;traffic&quot;:&quot;0&quot;,&quot;dbox&quot;:&quot;1&quot;,&quot;dbox_width&quot;:&quot;&quot;,&quot;listmarkers&quot;:&quot;0&quot;,&quot;listmarkers_advanced&quot;:&quot;0&quot;,&quot;filterbycat&quot;:&quot;0&quot;,&quot;ugm_enabled&quot;:&quot;0&quot;,&quot;ugm_category_enabled&quot;:&quot;0&quot;,&quot;fusion&quot;:&quot;&quot;,&quot;map_width_type&quot;:&quot;%&quot;,&quot;map_height_type&quot;:&quot;px&quot;,&quot;mass_marker_support&quot;:&quot;0&quot;,&quot;ugm_access&quot;:&quot;0&quot;,&quot;order_markers_by&quot;:&quot;1&quot;,&quot;order_markers_choice&quot;:&quot;1&quot;,&quot;show_user_location&quot;:&quot;0&quot;,&quot;default_to&quot;:&quot;&quot;,&quot;map_type&quot;:1,&quot;sl_stroke_color&quot;:&quot;#000000&quot;,&quot;sl_fill_color&quot;:&quot;#000000&quot;,&quot;sl_stroke_opacity&quot;:&quot;&quot;,&quot;sl_fill_opacity&quot;:&quot;&quot;,&quot;transport_layer&quot;:false,&quot;action&quot;:&quot;wpgmza_save_map&quot;,&quot;redirect_to&quot;:&quot;\\\/wp-admin\\\/admin-post.php&quot;,&quot;map_id&quot;:&quot;13&quot;,&quot;http_referer&quot;:&quot;\\\/hvest\\\/wp-admin\\\/admin.php?page=wp-google-maps-menu&amp;amp;override=1&amp;amp;action=edit&amp;amp;map_id=1&quot;,&quot;wpgmza_id&quot;:&quot;1&quot;,&quot;wpgmza_start_location&quot;:&quot;66.07568499880324,-23.128932471778185&quot;,&quot;wpgmza_start_zoom&quot;:&quot;12&quot;,&quot;store_locator_enabled&quot;:false,&quot;store_locator_search_area&quot;:&quot;radial&quot;,&quot;wpgmza_store_locator_radius_style&quot;:&quot;legacy&quot;,&quot;wpgmza_store_locator_default_radius&quot;:&quot;10&quot;,&quot;store_locator_auto_area_max_zoom&quot;:&quot;&quot;,&quot;store_locator_distance&quot;:false,&quot;wpgmza_store_locator_position&quot;:false,&quot;store_locator_show_distance&quot;:false,&quot;store_locator_category&quot;:false,&quot;wpgmza_store_locator_use_their_location&quot;:false,&quot;wpgmza_store_locator_bounce&quot;:false,&quot;wpgmza_sl_animation&quot;:&quot;0&quot;,&quot;wpgmza_store_locator_hide_before_search&quot;:false,&quot;store_locator_query_string&quot;:&quot;&quot;,&quot;store_locator_default_address&quot;:&quot;&quot;,&quot;store_locator_name_search&quot;:false,&quot;store_locator_name_string&quot;:&quot;&quot;,&quot;store_locator_not_found_message&quot;:&quot;&quot;,&quot;wpgmza_map_align&quot;:&quot;1&quot;,&quot;jump_to_nearest_marker_on_initialization&quot;:false,&quot;automatically_pan_to_users_location&quot;:false,&quot;override_users_location_zoom_level&quot;:false,&quot;override_users_location_zoom_levels&quot;:&quot;&quot;,&quot;show_distance_from_location&quot;:false,&quot;map_max_zoom&quot;:&quot;21&quot;,&quot;map_min_zoom&quot;:&quot;0&quot;,&quot;click_open_link&quot;:false,&quot;fit_maps_bounds_to_markers&quot;:false,&quot;fit_maps_bounds_to_markers_after_filtering&quot;:false,&quot;hide_point_of_interest&quot;:false,&quot;wpgmza_zoom_on_marker_click&quot;:false,&quot;wpgmza_zoom_on_marker_click_slider&quot;:&quot;&quot;,&quot;close_infowindow_on_map_click&quot;:false,&quot;disable_lightbox_images&quot;:false,&quot;use_Raw_Jpeg_Coordinates&quot;:false,&quot;polygon_labels&quot;:false,&quot;disable_polygon_info_windows&quot;:false,&quot;enable_marker_ratings&quot;:false,&quot;only_load_markers_within_viewport&quot;:false,&quot;iw_primary_color&quot;:&quot;#000000&quot;,&quot;iw_accent_color&quot;:&quot;#000000&quot;,&quot;iw_text_color&quot;:&quot;#000000&quot;,&quot;wpgmza_listmarkers_by&quot;:&quot;0&quot;,&quot;wpgmza_marker_listing_position&quot;:false,&quot;datatable_no_result_message&quot;:&quot;&quot;,&quot;remove_search_box_datables&quot;:false,&quot;dataTable_pagination_style&quot;:&quot;default&quot;,&quot;datatable_search_string&quot;:&quot;&quot;,&quot;datatable_result_start&quot;:&quot;&quot;,&quot;datatable_result_of&quot;:&quot;&quot;,&quot;datatable_result_to&quot;:&quot;&quot;,&quot;datatable_result_total&quot;:&quot;&quot;,&quot;datatable_result_show&quot;:&quot;&quot;,&quot;datatable_result_entries&quot;:&quot;&quot;,&quot;wpgmza_savemap&quot;:&quot;Save Map \\u00bb&quot;,&quot;shortcodeAttributes&quot;:{&quot;id&quot;:&quot;13&quot;},&quot;wpgmza_dbox_width_type&quot;:&quot;%&quot;,&quot;default_from&quot;:&quot;&quot;,&quot;directions_behaviour&quot;:&quot;default&quot;,&quot;force_google_directions_app&quot;:false,&quot;directions_route_origin_icon&quot;:&quot;http:\\\/\\\/gyl.fi\\\/hvest\\\/wp-content\\\/plugins\\\/wp-google-maps\\\/images\\\/spotlight-poi2.png&quot;,&quot;directions_origin_retina&quot;:false,&quot;directions_route_destination_icon&quot;:&quot;http:\\\/\\\/gyl.fi\\\/hvest\\\/wp-content\\\/plugins\\\/wp-google-maps\\\/images\\\/spotlight-poi2.png&quot;,&quot;directions_destination_retina&quot;:false,&quot;directions_route_stroke_color&quot;:&quot;#4f8df5&quot;,&quot;directions_route_stroke_weight&quot;:&quot;4&quot;,&quot;directions_route_stroke_opacity&quot;:&quot;0.8&quot;,&quot;directions_fit_bounds_to_route&quot;:false,&quot;wpgmza_store_locator_restrict&quot;:&quot;&quot;,&quot;upload_default_sl_marker&quot;:&quot;&quot;,&quot;retina&quot;:true,&quot;upload_default_ul_marker&quot;:&quot;&quot;,&quot;enable_advanced_custom_fields_integration&quot;:false,&quot;enable_toolset_woocommerce_integration&quot;:false,&quot;upload_default_sl_marker_retina&quot;:false,&quot;upload_default_ul_marker_retina&quot;:false,&quot;zoom_level_on_marker_listing_override&quot;:false,&quot;zoom_level_on_marker_listing_click&quot;:&quot;&quot;,&quot;store_locator_component_anchor&quot;:9,&quot;id&quot;:13}\" ><\/div><\/div>\n<\/div>\n\n\n\n<div style=\"height:100px\" aria-hidden=\"true\" class=\"wp-block-spacer\"><\/div>\n\n\n\n<figure class=\"wp-block-gallery has-nested-images columns-4 is-cropped wp-block-gallery-2 is-layout-flex wp-block-gallery-is-layout-flex\">\n<figure class=\"wp-block-image size-medium\"><img decoding=\"async\" width=\"300\" height=\"169\" data-id=\"46\" src=\"https:\/\/hvest.is\/wp-content\/uploads\/2021\/04\/Isafjordur-sumar-2018-300x169.jpg\" alt=\"\" class=\"wp-image-46\" srcset=\"https:\/\/hvest.is\/wp-content\/uploads\/2021\/04\/Isafjordur-sumar-2018-300x169.jpg 300w, https:\/\/hvest.is\/wp-content\/uploads\/2021\/04\/Isafjordur-sumar-2018-768x431.jpg 768w, https:\/\/hvest.is\/wp-content\/uploads\/2021\/04\/Isafjordur-sumar-2018-1024x575.jpg 1024w, https:\/\/hvest.is\/wp-content\/uploads\/2021\/04\/Isafjordur-sumar-2018-1536x863.jpg 1536w, https:\/\/hvest.is\/wp-content\/uploads\/2021\/04\/Isafjordur-sumar-2018-1568x881.jpg 1568w\" sizes=\"(max-width: 300px) 100vw, 300px\" \/><figcaption class=\"wp-element-caption\">Sygehuset and plejehjem Eyri<\/figcaption><\/figure>\n\n\n\n<figure class=\"wp-block-image size-medium\"><img decoding=\"async\" width=\"300\" height=\"225\" data-id=\"2354\" src=\"https:\/\/hvest.is\/wp-content\/uploads\/2022\/02\/PXL_20210823_113120621-300x225.jpg\" alt=\"\" class=\"wp-image-2354\" srcset=\"https:\/\/hvest.is\/wp-content\/uploads\/2022\/02\/PXL_20210823_113120621-200x150.jpg 200w, https:\/\/hvest.is\/wp-content\/uploads\/2022\/02\/PXL_20210823_113120621-300x225.jpg 300w, https:\/\/hvest.is\/wp-content\/uploads\/2022\/02\/PXL_20210823_113120621-400x300.jpg 400w, https:\/\/hvest.is\/wp-content\/uploads\/2022\/02\/PXL_20210823_113120621-600x450.jpg 600w, https:\/\/hvest.is\/wp-content\/uploads\/2022\/02\/PXL_20210823_113120621-768x576.jpg 768w, https:\/\/hvest.is\/wp-content\/uploads\/2022\/02\/PXL_20210823_113120621-800x600.jpg 800w, https:\/\/hvest.is\/wp-content\/uploads\/2022\/02\/PXL_20210823_113120621-1024x768.jpg 1024w, https:\/\/hvest.is\/wp-content\/uploads\/2022\/02\/PXL_20210823_113120621-1200x900.jpg 1200w, https:\/\/hvest.is\/wp-content\/uploads\/2022\/02\/PXL_20210823_113120621-1536x1152.jpg 1536w\" sizes=\"(max-width: 300px) 100vw, 300px\" \/><figcaption class=\"wp-element-caption\">Andri Konr\u00e1\u00f0sson surgeon<\/figcaption><\/figure>\n\n\n\n<figure class=\"wp-block-image size-medium\"><img decoding=\"async\" width=\"300\" height=\"225\" data-id=\"1582\" src=\"https:\/\/hvest.is\/wp-content\/uploads\/2021\/12\/SLG-klippt-edited-300x225.jpg\" alt=\"\" class=\"wp-image-1582\" srcset=\"https:\/\/hvest.is\/wp-content\/uploads\/2021\/12\/SLG-klippt-edited-200x150.jpg 200w, https:\/\/hvest.is\/wp-content\/uploads\/2021\/12\/SLG-klippt-edited-300x225.jpg 300w, https:\/\/hvest.is\/wp-content\/uploads\/2021\/12\/SLG-klippt-edited-400x300.jpg 400w, https:\/\/hvest.is\/wp-content\/uploads\/2021\/12\/SLG-klippt-edited-600x450.jpg 600w, https:\/\/hvest.is\/wp-content\/uploads\/2021\/12\/SLG-klippt-edited-768x576.jpg 768w, https:\/\/hvest.is\/wp-content\/uploads\/2021\/12\/SLG-klippt-edited-800x600.jpg 800w, https:\/\/hvest.is\/wp-content\/uploads\/2021\/12\/SLG-klippt-edited.jpg 1000w\" sizes=\"(max-width: 300px) 100vw, 300px\" \/><figcaption class=\"wp-element-caption\">Rehabilitation<\/figcaption><\/figure>\n\n\n\n<figure class=\"wp-block-image size-medium\"><img decoding=\"async\" width=\"300\" height=\"200\" data-id=\"1136\" src=\"https:\/\/hvest.is\/wp-content\/uploads\/2021\/12\/20210428-A7R03408-300x200.jpg\" alt=\"\" class=\"wp-image-1136\" srcset=\"https:\/\/hvest.is\/wp-content\/uploads\/2021\/12\/20210428-A7R03408-300x200.jpg 300w, https:\/\/hvest.is\/wp-content\/uploads\/2021\/12\/20210428-A7R03408-768x512.jpg 768w, https:\/\/hvest.is\/wp-content\/uploads\/2021\/12\/20210428-A7R03408-1024x683.jpg 1024w, https:\/\/hvest.is\/wp-content\/uploads\/2021\/12\/20210428-A7R03408-1536x1025.jpg 1536w\" sizes=\"(max-width: 300px) 100vw, 300px\" \/><figcaption class=\"wp-element-caption\">Anette, nurse from Denmark<\/figcaption><\/figure>\n<\/figure>","protected":false},"excerpt":{"rendered":"<p>We are looking for surgeons, internal medicine and general medicine who want to work with us at Sundhedscentret in Isafj\u00f6r\u00f0ur, Iceland. The medical doctor takes care of the work in our bed department, the surgeon [\u2026] <a href=\"https:\/\/hvest.is\/en\/vi-soger-laeger\/\">More \u203a<\/a><\/p>","protected":false},"author":3,"featured_media":0,"parent":0,"menu_order":0,"comment_status":"closed","ping_status":"closed","template":"","meta":{"_lmt_disableupdate":"no","_lmt_disable":"no","cybocfi_hide_featured_image":"","footnotes":""},"class_list":["post-2442","page","type-page","status-publish","hentry"],"_links":{"self":[{"href":"https:\/\/hvest.is\/en\/wp-json\/wp\/v2\/pages\/2442","targetHints":{"allow":["GET"]}}],"collection":[{"href":"https:\/\/hvest.is\/en\/wp-json\/wp\/v2\/pages"}],"about":[{"href":"https:\/\/hvest.is\/en\/wp-json\/wp\/v2\/types\/page"}],"author":[{"embeddable":true,"href":"https:\/\/hvest.is\/en\/wp-json\/wp\/v2\/users\/3"}],"replies":[{"embeddable":true,"href":"https:\/\/hvest.is\/en\/wp-json\/wp\/v2\/comments?post=2442"}],"version-history":[{"count":0,"href":"https:\/\/hvest.is\/en\/wp-json\/wp\/v2\/pages\/2442\/revisions"}],"wp:attachment":[{"href":"https:\/\/hvest.is\/en\/wp-json\/wp\/v2\/media?parent=2442"}],"curies":[{"name":"wp","href":"https:\/\/api.w.org\/{rel}","templated":true}]}}